{"id":875,"date":"2025-02-11T11:53:29","date_gmt":"2025-02-11T11:53:29","guid":{"rendered":"https:\/\/bip.wszuie.pl\/?page_id=875"},"modified":"2025-05-06T19:23:01","modified_gmt":"2025-05-06T19:23:01","slug":"uchwaly-senatu-rok-akademicki-2024-2025","status":"publish","type":"page","link":"https:\/\/bip.wszuie.pl\/?page_id=875","title":{"rendered":"Uchwa\u0142y Senatu \u2013 rok akademicki 2024\/2025"},"content":{"rendered":"<p><a href=\"http:\/\/bip.wszuie.pl\/wp-content\/uploads\/2025\/02\/Uchwala-Senatu-nr-1.24.25.pdf\" target=\"_blank\" rel=\"noopener\">Uchwa\u0142a Senatu nr 1.24.25<\/a><\/p>\n<p><a href=\"http:\/\/bip.wszuie.pl\/wp-content\/uploads\/2025\/02\/Uchwala-Senatu-nr-2.24.25.pdf\" target=\"_blank\" rel=\"noopener\">Uchwa\u0142a Senatu nr 2.24.25<\/a><\/p>\n<p><a href=\"http:\/\/bip.wszuie.pl\/wp-content\/uploads\/2025\/02\/Uchwala-Senatu-nr-3.24.25-rekrutacyjna-na-rok-2026-27.pdf\" target=\"_blank\" rel=\"noopener\">Uchwa\u0142a Senatu nr 3.24.25\u00a0<\/a><\/p>\n<p><a href=\"http:\/\/bip.wszuie.pl\/wp-content\/uploads\/2021\/02\/Uchwala-Senatu-nr-4.24.25.pdf\">Uchwa\u0142a Senatu nr 4.24.25<\/a><\/p>\n<p><a href=\"http:\/\/bip.wszuie.pl\/wp-content\/uploads\/2025\/02\/Zalacznik-nr-1-do-uchwaly-Senatu-nr-4.24.25-regulamin-studiow.pdf\" target=\"_blank\" rel=\"noopener\">Za\u0142\u0105cznik nr 1 do uchwa\u0142y Senatu nr 4.24.25 &#8211; regulamin studi\u00f3w<\/a><\/p>\n","protected":false},"excerpt":{"rendered":"<p>Uchwa\u0142a Senatu nr 1.24.25 Uchwa\u0142a Senatu nr 2.24.25 Uchwa\u0142a Senatu nr 3.24.25\u00a0 Uchwa\u0142a Senatu nr 4.24.25 Za\u0142\u0105cznik nr 1 do uchwa\u0142y Senatu nr 4.24.25 &#8211; regulamin studi\u00f3w<\/p>\n","protected":false},"author":4,"featured_media":0,"parent":252,"menu_order":0,"comment_status":"closed","ping_status":"closed","template":"","meta":[],"_links":{"self":[{"href":"https:\/\/bip.wszuie.pl\/index.php?rest_route=\/wp\/v2\/pages\/875"}],"collection":[{"href":"https:\/\/bip.wszuie.pl\/index.php?rest_route=\/wp\/v2\/pages"}],"about":[{"href":"https:\/\/bip.wszuie.pl\/index.php?rest_route=\/wp\/v2\/types\/page"}],"author":[{"embeddable":true,"href":"https:\/\/bip.wszuie.pl\/index.php?rest_route=\/wp\/v2\/users\/4"}],"replies":[{"embeddable":true,"href":"https:\/\/bip.wszuie.pl\/index.php?rest_route=%2Fwp%2Fv2%2Fcomments&post=875"}],"version-history":[{"count":3,"href":"https:\/\/bip.wszuie.pl\/index.php?rest_route=\/wp\/v2\/pages\/875\/revisions"}],"predecessor-version":[{"id":886,"href":"https:\/\/bip.wszuie.pl\/index.php?rest_route=\/wp\/v2\/pages\/875\/revisions\/886"}],"up":[{"embeddable":true,"href":"https:\/\/bip.wszuie.pl\/index.php?rest_route=\/wp\/v2\/pages\/252"}],"wp:attachment":[{"href":"https:\/\/bip.wszuie.pl\/index.php?rest_route=%2Fwp%2Fv2%2Fmedia&parent=875"}],"curies":[{"name":"wp","href":"https:\/\/api.w.org\/{rel}","templated":true}]}}