{"id":83,"date":"2021-02-26T11:08:06","date_gmt":"2021-02-26T11:08:06","guid":{"rendered":"http:\/\/bip.wszuie.pl\/?page_id=83"},"modified":"2024-11-18T10:11:38","modified_gmt":"2024-11-18T10:11:38","slug":"zarzadzenia-kanclerza","status":"publish","type":"page","link":"https:\/\/bip.wszuie.pl\/?page_id=83","title":{"rendered":"Akty prawne Kanclerza"},"content":{"rendered":"<ul>\r\n<li class=\"wp-block-file\" style=\"text-align: justify;\"><span style=\"color: #003366;\"><a href=\"https:\/\/bip.wszuie.pl\/wp-content\/uploads\/2021\/02\/Zarzadzenie-Kanclerza-1_2020-1.pdf\" style=\"color: #003366;\">Zarzadzenie-Kanclerza-1_2020<\/a><\/span><\/li>\r\n<li class=\"wp-block-file\" style=\"text-align: justify;\"><span style=\"color: #003366;\"><a href=\"http:\/\/bip.wszuie.pl\/wp-content\/uploads\/2021\/11\/Decyzja-Kanclerza-1_2021.pdf\" style=\"color: #003366;\">Decyzja-Kanclerza-1_2021<\/a><\/span><\/li>\r\n<li style=\"text-align: justify;\"><span style=\"color: #003366;\"><a href=\"http:\/\/bip.wszuie.pl\/wp-content\/uploads\/2022\/02\/Decyzja-Kanclerz-nr-1_2022.pdf\" style=\"color: #003366;\">Decyzja Kanclerz nr 1_2022<\/a><\/span><\/li>\r\n<li style=\"text-align: justify;\"><span style=\"color: #003366;\"><!-- \/wp:file --><a href=\"http:\/\/bip.wszuie.pl\/wp-content\/uploads\/2022\/02\/STATUT-WSZUiE-2019-Tekst-Jednolity-z-dnia-1.02.2022.pdf\" style=\"color: #003366;\">Za\u0142\u0105cznik nr 1 do Decyzji Kanclerza nr 1_2022<\/a><!-- wp:file {\"id\":85,\"href\":\"http:\/\/bip.wszuie.pl\/wp-content\/uploads\/2021\/11\/Decyzja-Kanclerza-1_2021.pdf\"} --><\/span><\/li>\r\n<li><span style=\"color: #003366;\"><a href=\"http:\/\/bip.wszuie.pl\/wp-content\/uploads\/2023\/01\/Decyzja-Kanclerz-2_2022-w-sprawie-zmiany-logo.pdf\" style=\"color: #003366;\" target=\"_blank\" rel=\"noopener\">Decyzja Kanclerz 2_2022<\/a><\/span><\/li>\r\n<li><a href=\"http:\/\/bip.wszuie.pl\/wp-content\/uploads\/2023\/01\/Zalacznik-nr-1-do-Decyzji-Kanclerza-nr-2_2022.pdf\" target=\"_blank\" rel=\"noopener\"><span style=\"color: #003366;\">Za\u0142\u0105cznik nr 1 do Decyzji Kanclerza nr 2_2022<\/span><\/a><\/li>\r\n<li><a href=\"http:\/\/bip.wszuie.pl\/wp-content\/uploads\/2023\/09\/Decyzja-Zalozyciela-1_2023-statut.pdf\" target=\"_blank\" rel=\"noopener\">Decyzja Za\u0142o\u017cyciela 1_2023<\/a><\/li>\r\n<li><a href=\"http:\/\/bip.wszuie.pl\/wp-content\/uploads\/2023\/09\/Zalacznik-nr-1-do-decyzji-Zalozyciela-nr-1_2023-STATUT-1.09.2023.pdf\" target=\"_blank\" rel=\"noopener\">Za\u0142\u0105cznik nr 1 do decyzji Za\u0142o\u017cyciela nr 1_2023<\/a><\/li>\r\n<li><a href=\"http:\/\/bip.wszuie.pl\/wp-content\/uploads\/2024\/03\/Zarzadzenie-Kanclerza-1_2024.pdf\">Zarz\u0105dzenie Kanclerza 1_2024<\/a><\/li>\r\n<li><a href=\"http:\/\/bip.wszuie.pl\/wp-content\/uploads\/2024\/11\/Zarzadzenie-Rektora-2_2024.pdf\" target=\"_blank\" rel=\"noopener\">Zarz\u0105dzenie Rektora 2_2024<\/a><\/li>\r\n<\/ul>\r\n<p><!-- \/wp:file --><\/p>","protected":false},"excerpt":{"rendered":"<p>Zarzadzenie-Kanclerza-1_2020 Decyzja-Kanclerza-1_2021 Decyzja Kanclerz nr 1_2022 Za\u0142\u0105cznik nr 1 do Decyzji Kanclerza nr 1_2022 Decyzja Kanclerz 2_2022 Za\u0142\u0105cznik nr 1 do Decyzji Kanclerza nr 2_2022 Decyzja Za\u0142o\u017cyciela 1_2023 Za\u0142\u0105cznik nr 1 do decyzji Za\u0142o\u017cyciela nr 1_2023 Zarz\u0105dzenie Kanclerza 1_2024 Zarz\u0105dzenie &hellip; <a href=\"https:\/\/bip.wszuie.pl\/?page_id=83\">Czytaj dalej <span class=\"meta-nav\">&rarr;<\/span><\/a><\/p>\n","protected":false},"author":2,"featured_media":0,"parent":77,"menu_order":0,"comment_status":"closed","ping_status":"closed","template":"onecolumn-page.php","meta":[],"_links":{"self":[{"href":"https:\/\/bip.wszuie.pl\/index.php?rest_route=\/wp\/v2\/pages\/83"}],"collection":[{"href":"https:\/\/bip.wszuie.pl\/index.php?rest_route=\/wp\/v2\/pages"}],"about":[{"href":"https:\/\/bip.wszuie.pl\/index.php?rest_route=\/wp\/v2\/types\/page"}],"author":[{"embeddable":true,"href":"https:\/\/bip.wszuie.pl\/index.php?rest_route=\/wp\/v2\/users\/2"}],"replies":[{"embeddable":true,"href":"https:\/\/bip.wszuie.pl\/index.php?rest_route=%2Fwp%2Fv2%2Fcomments&post=83"}],"version-history":[{"count":18,"href":"https:\/\/bip.wszuie.pl\/index.php?rest_route=\/wp\/v2\/pages\/83\/revisions"}],"predecessor-version":[{"id":853,"href":"https:\/\/bip.wszuie.pl\/index.php?rest_route=\/wp\/v2\/pages\/83\/revisions\/853"}],"up":[{"embeddable":true,"href":"https:\/\/bip.wszuie.pl\/index.php?rest_route=\/wp\/v2\/pages\/77"}],"wp:attachment":[{"href":"https:\/\/bip.wszuie.pl\/index.php?rest_route=%2Fwp%2Fv2%2Fmedia&parent=83"}],"curies":[{"name":"wp","href":"https:\/\/api.w.org\/{rel}","templated":true}]}}