{"id":81,"date":"2021-02-26T11:07:21","date_gmt":"2021-02-26T11:07:21","guid":{"rendered":"http:\/\/bip.wszuie.pl\/?page_id=81"},"modified":"2025-01-09T13:21:32","modified_gmt":"2025-01-09T13:21:32","slug":"zarzadzenia-dziekana","status":"publish","type":"page","link":"https:\/\/bip.wszuie.pl\/?page_id=81","title":{"rendered":"Zarz\u0105dzenia Dziekana"},"content":{"rendered":"<p><strong>Rok 2025<\/strong><\/p>\r\n<p><a href=\"http:\/\/bip.wszuie.pl\/wp-content\/uploads\/2025\/01\/Zarzadzenie-Dziekana-nr-1_2025.pdf\">Zarz\u0105dzenie Dziekana nr 1_2025<\/a><\/p>\r\n<p><a href=\"http:\/\/bip.wszuie.pl\/wp-content\/uploads\/2025\/01\/Zarzadzenie-Dziekana-nr-2_2025.pdf\">Zarz\u0105dzenie Dziekana nr 2_2025<\/a><\/p>\r\n<p><strong><span style=\"color: #000000;\">Rok 2024<\/span><\/strong><\/p>\r\n<p><a href=\"http:\/\/bip.wszuie.pl\/wp-content\/uploads\/2024\/02\/Zarzadzenie-Dziekana-nr-1_2024.pdf\" target=\"_blank\" rel=\"noopener\">Zarz\u0105dzenie Dziekana nr 1_2024<\/a><\/p>\r\n<p><a href=\"http:\/\/bip.wszuie.pl\/wp-content\/uploads\/2024\/02\/Zarzadzenie-Dziekana-nr-2_2024.pdf\" target=\"_blank\" rel=\"noopener\">Zarz\u0105dzenie Dziekana nr 2_2024<\/a><\/p>\r\n<p><span style=\"color: #000000;\"><strong>Rok 2023<\/strong><\/span><\/p>\r\n<p><span style=\"color: #333399;\"><a href=\"http:\/\/bip.wszuie.pl\/wp-content\/uploads\/2023\/04\/Zarzadzenie-Dziekana-nr-1_2023-1.pdf\" style=\"color: #333399;\" target=\"_blank\" rel=\"noopener\">Zarz\u0105dzenie Dziekana nr 1_2023<\/a><a href=\"http:\/\/bip.wszuie.pl\/wp-content\/uploads\/2023\/04\/Zarzadzenie-Dziekana-nr-2_2023.pdf\" style=\"color: #333399;\"><\/a><\/span><br \/><span style=\"color: #333399;\"><a href=\"http:\/\/bip.wszuie.pl\/wp-content\/uploads\/2023\/04\/Zarzadzenie-Dziekana-nr-2_2023.pdf\" style=\"color: #333399;\" target=\"_blank\" rel=\"noopener\">Zarz\u0105dzenie Dziekana nr 2_2023<\/a><\/span><\/p>\r\n<p><strong><span style=\"color: #000000;\">Rok 2022<\/span><\/strong><\/p>\r\n<p><span style=\"color: #333399;\"><a href=\"http:\/\/bip.wszuie.pl\/wp-content\/uploads\/2022\/03\/Zarzadzenie-Dziekana-nr-1_2022.pdf\" style=\"color: #333399;\" target=\"_blank\" rel=\"noopener\">Zarz\u0105dzenie Dziekana &#8211; 1_2022<\/a><\/span><br \/><span style=\"color: #333399;\"><a href=\"http:\/\/bip.wszuie.pl\/wp-content\/uploads\/2022\/03\/Zarzadzenie-Dziekana-nr-2_2022.pdf\" style=\"color: #333399;\" target=\"_blank\" rel=\"noopener\">Zarz\u0105dzenie Dziekana &#8211; 2_2022<\/a><\/span><br \/><span style=\"color: #333399;\"><a href=\"http:\/\/bip.wszuie.pl\/wp-content\/uploads\/2022\/03\/Zarzadzenie-Dziekana-nr-3_2022.pdf\" style=\"color: #333399;\" target=\"_blank\" rel=\"noopener\">Zarz\u0105dzenie Dziekana &#8211; 3_2022<\/a><\/span><br \/><span style=\"color: #333399;\"><a href=\"http:\/\/bip.wszuie.pl\/wp-content\/uploads\/2022\/03\/Zarzadzenie-Dziekana-nr-4_2022.pdf\" style=\"color: #333399;\" target=\"_blank\" rel=\"noopener\">Zarz\u0105dzenie Dziekana &#8211; 4_2022<\/a><\/span><\/p>\r\n<p><span style=\"color: #000000;\"><strong>Rok 2021<\/strong><\/span><\/p>\r\n<p><span style=\"color: #333399;\"><a href=\"https:\/\/bip.wszuie.pl\/wp-content\/uploads\/2021\/02\/Zarzadzenie-Dziekana-1_2021.pdf\" style=\"color: #333399;\" target=\"_blank\" rel=\"noopener\">Zarz\u0105dzenie Dziekana &#8211; 1_2021<\/a><\/span><\/p>\r\n<p><span style=\"color: #000000;\"><strong>Rok 2020<\/strong><\/span><\/p>\r\n<p><span style=\"color: #333399;\"><a href=\"https:\/\/bip.wszuie.pl\/wp-content\/uploads\/2021\/02\/Zarzadzenie-Dziekana-1_2020.pdf\" style=\"color: #333399;\" target=\"_blank\" rel=\"noopener\">Zarz\u0105dzenie Dziekana &#8211; 1_2020<\/a><\/span><br \/><span style=\"color: #333399;\"><a href=\"https:\/\/bip.wszuie.pl\/wp-content\/uploads\/2021\/02\/Zarzadzenie-Dziekana-2_2020.pdf\" style=\"color: #333399;\" target=\"_blank\" rel=\"noopener\">Zarz\u0105dzenie Dziekana &#8211; 2_2020<\/a><\/span><\/p>\r\n<p><span style=\"color: #000000;\"><strong>Rok 2019<\/strong><\/span><\/p>\r\n<p><span style=\"color: #333399;\"><a href=\"http:\/\/bip.wszuie.pl\/wp-content\/uploads\/2021\/09\/Zarzadzenie-Dziekana-nr-1_2019.pdf\" style=\"color: #333399;\" target=\"_blank\" rel=\"noopener\">Zarz\u0105dzenie Dziekana &#8211; 1_2019<\/a><\/span><br \/><span style=\"color: #000000;\"><a href=\"http:\/\/bip.wszuie.pl\/wp-content\/uploads\/2021\/11\/Zarzadzenie-Dziekana-nr-2-2019.pdf\" style=\"color: #000000;\" target=\"_blank\" rel=\"noopener\"><span style=\"color: #333399;\">Zarz\u0105dzenie Dziekana &#8211; 2_2019<\/span><\/a><\/span><\/p>\r\n<p><span style=\"color: #000000;\"><strong>Rok 2018<\/strong><\/span><\/p>\r\n<p><span style=\"color: #333399;\"><a href=\"http:\/\/bip.wszuie.pl\/wp-content\/uploads\/2021\/09\/Zarzadzenie-Dziekana-nr-1_2018.pdf\" style=\"color: #333399;\" target=\"_blank\" rel=\"noopener\">Zarz\u0105dzenie Dziekana &#8211; 1_2018<\/a><\/span><\/p>\r\n<p>&nbsp;<\/p>\r\n<p>&nbsp;<\/p>\r\n<p><span style=\"color: #003366;\"><!-- \/wp:file --><\/span><\/p>\r\n<p><span style=\"color: #003366;\"><!-- wp:file {\"id\":88,\"href\":\"http:\/\/bip.wszuie.pl\/wp-content\/uploads\/2021\/09\/Zarzadzenie-Dziekana-nr-1_2019.pdf\"} --><\/span><\/p>\r\n<p><span style=\"color: #003366;\"><!-- \/wp:file --><\/span><\/p>\r\n<p><span style=\"color: #003366;\"><!-- wp:file {\"id\":88,\"href\":\"http:\/\/bip.wszuie.pl\/wp-content\/uploads\/2021\/11\/Zarzadzenie-Dziekana-nr-2-2019.pdf\"} --><\/span><\/p>\r\n<p><span style=\"color: #003366;\"><!-- \/wp:file --><\/span><\/p>\r\n<p><span style=\"color: #003366;\"><!-- wp:file {\"id\":88,\"href\":\"https:\/\/bip.wszuie.pl\/wp-content\/uploads\/2021\/02\/Zarzadzenie-Dziekana-1_2020.pdf\"} --><\/span><\/p>\r\n<p><span style=\"color: #003366;\"><!-- \/wp:file --><\/span><\/p>\r\n<p><span style=\"color: #003366;\"><!-- wp:file {\"id\":89,\"href\":\"https:\/\/bip.wszuie.pl\/wp-content\/uploads\/2021\/02\/Zarzadzenie-Dziekana-2_2020.pdf\"} --><\/span><\/p>\r\n<p><span style=\"color: #003366;\"><!-- \/wp:file --><\/span><\/p>\r\n<p><span style=\"color: #003366;\"><!-- wp:file {\"id\":90,\"href\":\"https:\/\/bip.wszuie.pl\/wp-content\/uploads\/2021\/02\/Zarzadzenie-Dziekana-1_2021.pdf\"} --><\/span><\/p>\r\n<p><!-- \/wp:file --><\/p>\r\n<p><!-- wp:paragraph --><\/p>\r\n<p><!-- \/wp:paragraph --><\/p>","protected":false},"excerpt":{"rendered":"<p>Rok 2025 Zarz\u0105dzenie Dziekana nr 1_2025 Zarz\u0105dzenie Dziekana nr 2_2025 Rok 2024 Zarz\u0105dzenie Dziekana nr 1_2024 Zarz\u0105dzenie Dziekana nr 2_2024 Rok 2023 Zarz\u0105dzenie Dziekana nr 1_2023Zarz\u0105dzenie Dziekana nr 2_2023 Rok 2022 Zarz\u0105dzenie Dziekana &#8211; 1_2022Zarz\u0105dzenie Dziekana &#8211; 2_2022Zarz\u0105dzenie Dziekana &#8211; &hellip; <a href=\"https:\/\/bip.wszuie.pl\/?page_id=81\">Czytaj dalej <span class=\"meta-nav\">&rarr;<\/span><\/a><\/p>\n","protected":false},"author":2,"featured_media":0,"parent":77,"menu_order":0,"comment_status":"closed","ping_status":"closed","template":"onecolumn-page.php","meta":[],"_links":{"self":[{"href":"https:\/\/bip.wszuie.pl\/index.php?rest_route=\/wp\/v2\/pages\/81"}],"collection":[{"href":"https:\/\/bip.wszuie.pl\/index.php?rest_route=\/wp\/v2\/pages"}],"about":[{"href":"https:\/\/bip.wszuie.pl\/index.php?rest_route=\/wp\/v2\/types\/page"}],"author":[{"embeddable":true,"href":"https:\/\/bip.wszuie.pl\/index.php?rest_route=\/wp\/v2\/users\/2"}],"replies":[{"embeddable":true,"href":"https:\/\/bip.wszuie.pl\/index.php?rest_route=%2Fwp%2Fv2%2Fcomments&post=81"}],"version-history":[{"count":23,"href":"https:\/\/bip.wszuie.pl\/index.php?rest_route=\/wp\/v2\/pages\/81\/revisions"}],"predecessor-version":[{"id":870,"href":"https:\/\/bip.wszuie.pl\/index.php?rest_route=\/wp\/v2\/pages\/81\/revisions\/870"}],"up":[{"embeddable":true,"href":"https:\/\/bip.wszuie.pl\/index.php?rest_route=\/wp\/v2\/pages\/77"}],"wp:attachment":[{"href":"https:\/\/bip.wszuie.pl\/index.php?rest_route=%2Fwp%2Fv2%2Fmedia&parent=81"}],"curies":[{"name":"wp","href":"https:\/\/api.w.org\/{rel}","templated":true}]}}