{"id":79,"date":"2021-02-26T11:05:47","date_gmt":"2021-02-26T11:05:47","guid":{"rendered":"http:\/\/bip.wszuie.pl\/?page_id=79"},"modified":"2024-12-04T09:17:04","modified_gmt":"2024-12-04T09:17:04","slug":"zarzadzenia-rektora","status":"publish","type":"page","link":"https:\/\/bip.wszuie.pl\/?page_id=79","title":{"rendered":"Zarz\u0105dzenia Rektora"},"content":{"rendered":"<div>\r\n<p><!-- \/wp:file --><\/p>\r\n<p><!-- wp:file {\"id\":108,\"href\":\"https:\/\/bip.wszuie.pl\/wp-content\/uploads\/2021\/03\/Zarzadzenie-Rektora-1_2021.pdf\"} --><\/p>\r\n<h3><strong>ROK 2024<\/strong><\/h3>\r\n<p><a href=\"http:\/\/bip.wszuie.pl\/wp-content\/uploads\/2024\/08\/Zarzadzenie-Rektora-1_2024.pdf\" target=\"_blank\" rel=\"noopener\">Zarz\u0105dzenie Rektora 1_2024<\/a><\/p>\r\n<p><a href=\"http:\/\/bip.wszuie.pl\/wp-content\/uploads\/2024\/08\/Zalacznik-nr-1-do-Zarzadzenia-Rektora-nr-1_2024_-Regulamin-wyboru-specjalnosci-2024.pdf\" target=\"_blank\" rel=\"noopener\">Za\u0142\u0105cznik nr 1 do Zarz\u0105dzenia Rektora nr 1_2024<\/a><\/p>\r\n<p><a href=\"http:\/\/bip.wszuie.pl\/wp-content\/uploads\/2024\/11\/Zarzadzenie-Rektora-2_2024-2.pdf\">Zarz\u0105dzenie Rektora 2_2024<\/a><\/p>\r\n<p><a href=\"http:\/\/bip.wszuie.pl\/wp-content\/uploads\/2024\/11\/Zarzadzenie-Rektora-3_2024.pdf\">Zarz\u0105dzenie Rektora 3_2024<\/a><\/p>\r\n<p><a href=\"http:\/\/bip.wszuie.pl\/wp-content\/uploads\/2024\/11\/Zarzadzenie-Rektora-4_2024.pdf\">Zarz\u0105dzenie Rektora 4_2024<\/a><\/p>\r\n<p><a href=\"http:\/\/bip.wszuie.pl\/wp-content\/uploads\/2024\/12\/Zarza\u0328dzenie-Rektora-5_2024.pdf\" target=\"_blank\" rel=\"noopener\">Zarza\u0328dzenie Rektora 5_2024<\/a><\/p>\r\n<p><a href=\"http:\/\/bip.wszuie.pl\/wp-content\/uploads\/2024\/11\/Zarzadzenie-Rektora-2_2024-1.pdf\" target=\"_blank\" rel=\"noopener\"><\/a><strong>ROK 2023<\/strong><\/p>\r\n<p><a href=\"http:\/\/bip.wszuie.pl\/wp-content\/uploads\/2023\/01\/Zarzadzenie-Rektora-1_2023.pdf\">Zarz\u0105dzenie Rektora 1_2023<\/a><\/p>\r\n<p><a href=\"http:\/\/bip.wszuie.pl\/wp-content\/uploads\/2023\/08\/Zarzadzenie-Rektora-2_2023-w-sprawie-powolania-zespolu-przygotowujacego-raport-samooceny-do-PKA-kierunek-Kosmetologia.pdf\">Zarz\u0105dzenie Rektora 2_2023<\/a><\/p>\r\n<p><a href=\"http:\/\/bip.wszuie.pl\/wp-content\/uploads\/2024\/01\/Zarzadzenie-Rektora-3_2023.pdf\">Zarz\u0105dzenie Rektora 3_2023<\/a><\/p>\r\n<h3><strong>ROK 2022<\/strong><\/h3>\r\n<p><a href=\"http:\/\/bip.wszuie.pl\/wp-content\/uploads\/2022\/02\/Zarzadzenie-Rektora-1_2022.pdf\" target=\"_blank\" rel=\"noopener\">Zarz\u0105dzenie Rektora 1_2022<\/a><a href=\"http:\/\/bip.wszuie.pl\/wp-content\/uploads\/2022\/02\/Zarzadzenie-Rektora-2_2022.pdf\"><\/a><\/p>\r\n<p><a href=\"http:\/\/bip.wszuie.pl\/wp-content\/uploads\/2022\/02\/Zarzadzenie-Rektora-2_2022.pdf\">Zarz\u0105dzenie Rektora 2_2022<\/a><\/p>\r\n<p><a href=\"http:\/\/bip.wszuie.pl\/wp-content\/uploads\/2022\/03\/Zarzadzenie-Rektora-3_2022.pdf\">Zarz\u0105dzenie Rektora 3_2022<\/a><\/p>\r\n<p><a href=\"http:\/\/bip.wszuie.pl\/wp-content\/uploads\/2022\/03\/Zalacznik-nr-1-do-Zarzadzenia-Rektora-nr-3_2022.pdf\">Za\u0142\u0105cznik nr 1 do Zarz\u0105dzenia Rektora nr 3_2022<\/a><\/p>\r\n<p><a href=\"http:\/\/bip.wszuie.pl\/wp-content\/uploads\/2022\/03\/Zalacznik-nr-2-do-Zarzadzenia-Rektora-nr-3_2022.pdf\">Za\u0142\u0105cznik nr 2 do Zarz\u0105dzenia Rektora nr 3_2022<\/a><\/p>\r\n<p><a href=\"http:\/\/bip.wszuie.pl\/wp-content\/uploads\/2024\/08\/Zarzadzenie-Rektora-4_2022.pdf\" target=\"_blank\" rel=\"noopener\">Zarz\u0105dzenie Rektora 4_2022<\/a><a href=\"http:\/\/bip.wszuie.pl\/wp-content\/uploads\/2022\/07\/Zarzadzenie-Rektora-4_2022.pdf\"><\/a><\/p>\r\n<p><a href=\"http:\/\/bip.wszuie.pl\/wp-content\/uploads\/2022\/07\/Zalacznik-nr-1-do-Zarzadzenia-Rektora-nr-4_2022.pdf\">Za\u0142\u0105cznik nr 1 do Zarz\u0105dzenia Rektora nr 4_2022<\/a><\/p>\r\n<p><a href=\"http:\/\/bip.wszuie.pl\/wp-content\/uploads\/2022\/07\/Zalacznik-nr-2-do-Zarzadzenia-Rektora-nr-4_2022.pdf\">Za\u0142\u0105cznik nr 2 do Zarz\u0105dzenia Rektora nr 4_2022<\/a><\/p>\r\n<p><a href=\"http:\/\/bip.wszuie.pl\/wp-content\/uploads\/2022\/10\/Zarzadzenie-Rektora-5_2022-w-sprawie-zmian-w-regulaminie-przyznawania-swiadczen-pomocy-materialnej.pdf\" target=\"_blank\" rel=\"noopener\">Zarz\u0105dzenie Rektora nr 5_2022<\/a><\/p>\r\n<p><a href=\"http:\/\/bip.wszuie.pl\/wp-content\/uploads\/2022\/10\/Zalacznik-nr-1-do-Zarzadzenia-Rektora-nr-5_2022-Regulamin-s\u0301wiadczen\u0301-dla-studento\u0301w-WSZUiE-w-Poznaniu.pdf\" target=\"_blank\" rel=\"noopener\">Za\u0142\u0105cznik nr 1 do Zarz\u0105dzenia Rektora nr 5_2022<\/a><\/p>\r\n<p><a href=\"http:\/\/bip.wszuie.pl\/wp-content\/uploads\/2023\/01\/Zarzadzenie-Rektora-6_2022.pdf\" target=\"_blank\" rel=\"noopener\">Zarzadzenie Rektora 6_2022<\/a><\/p>\r\n<p><a href=\"http:\/\/bip.wszuie.pl\/wp-content\/uploads\/2023\/01\/Zarzadzenie-Rektora-7_2022-stypendia.pdf\">Zarz\u0105dzenie Rektora 7_2022<\/a><\/p>\r\n<p><a href=\"http:\/\/bip.wszuie.pl\/wp-content\/uploads\/2023\/01\/Zarzadzenie-Rektora-8_2022.pdf\">Zarz\u0105dzenie Rektora 8_2022<\/a><\/p>\r\n<p><a href=\"http:\/\/bip.wszuie.pl\/wp-content\/uploads\/2023\/01\/Zalacznik-nr-1-do-Zarzadzenia-Rektora-nr-8_2022-_Wytyczne-dotyczace-pisania-prac-magisterskich-1.12.2022.pdf\">Za\u0142\u0105cznik nr 1 do Zarz\u0105dzenia Rektora nr 8_2022<\/a><\/p>\r\n<\/div>\r\n<p><strong>ROK 2021<\/strong><\/p>\r\n<p class=\"wp-block-file\"><a href=\"https:\/\/bip.wszuie.pl\/wp-content\/uploads\/2021\/02\/Zarzazenie-Rektora-nr-1_2021.pdf\" target=\"_blank\" rel=\"noopener\">Zarz\u0105dzenie Rektora &#8211; 1_2021<\/a><\/p>\r\n<p><a href=\"http:\/\/bip.wszuie.pl\/wp-content\/uploads\/2021\/11\/Zalacznik-1-do-Zarzadzenia-Rektora-nr-1.21.22-PROGRAM-STUDIOW-KOSMETOLOGIA-II-stopnia-cykl-2021-2023-2.pdf\" target=\"_blank\" rel=\"noopener\">Za\u0142\u0105cznik 1 do Zarz\u0105dzenia Rektora nr 1.21.22<\/a><\/p>\r\n<p><!-- \/wp:file --><\/p>\r\n<p><!-- wp:file {\"id\":108,\"href\":\"http:\/\/bip.wszuie.pl\/wp-content\/uploads\/2021\/11\/Zalacznik-1-do-Zarzadzenia-Rektora-nr-1.21.22-PROGRAM-STUDIOW-KOSMETOLOGIA-II-stopnia-cykl-2021-2023-2.pdf\"} --><\/p>\r\n<p><!-- \/wp:file --><\/p>\r\n<p class=\"wp-block-file\"><a href=\"http:\/\/bip.wszuie.pl\/wp-content\/uploads\/2021\/11\/Zalacznik-1-do-Zarzadzenia-Rektora-nr-2.21.22-PROGRAM-STUDIOW-KOSMETOLOGIA-II-stopnia-cykl-2021-2023-1.pdf\" target=\"_blank\" rel=\"noopener\">Za\u0142\u0105cznik 1 do Zarz\u0105dzenia Rektora nr 2.21.22<\/a><a href=\"http:\/\/bip.wszuie.pl\/wp-content\/uploads\/2021\/11\/Zalacznik-1-do-Zarzadzenia-Rektora-nr-2.21.22-PROGRAM-STUDIOW-KOSMETOLOGIA-II-stopnia-cykl-2021-2023-1.pdf\" target=\"_blank\" rel=\"noopener\"><\/a><\/p>\r\n<p><!-- \/wp:file --><\/p>\r\n<p><!-- wp:file {\"id\":108,\"href\":\"http:\/\/bip.wszuie.pl\/wp-content\/uploads\/2021\/10\/Zarzadzenie-Rektora-2_2021.pdf\"} --><\/p>\r\n<p class=\"wp-block-file\"><a href=\"http:\/\/bip.wszuie.pl\/wp-content\/uploads\/2021\/10\/Zarzadzenie-Rektora-2_2021.pdf\" target=\"_blank\" rel=\"noopener\">Zarz\u0105dzenie Rektora &#8211; 2_2021<\/a><\/p>\r\n<p class=\"wp-block-file\"><a href=\"http:\/\/bip.wszuie.pl\/wp-content\/uploads\/2021\/10\/Zarzadzenie-Rektora-3_2021.pdf\" target=\"_blank\" rel=\"noopener\">Zarz\u0105dzenie Rektora &#8211; 3_2021<\/a><a href=\"http:\/\/bip.wszuie.pl\/wp-content\/uploads\/2021\/10\/Zarzadzenie-Rektora-3_2021.pdf\"><\/a><\/p>\r\n<p><!-- \/wp:file --><\/p>\r\n<p><!-- wp:file {\"id\":108,\"href\":\"http:\/\/bip.wszuie.pl\/wp-content\/uploads\/2021\/10\/Zarzadzenie-Rektora-3_2021.pdf\"} --><\/p>\r\n<p><!-- \/wp:file --><\/p>\r\n<p><!-- wp:file {\"id\":108,\"href\":\"http:\/\/bip.wszuie.pl\/wp-content\/uploads\/2021\/10\/zarzadzenie-procedura-ewidencji-dyplomow.pdf\"} --><\/p>\r\n<p class=\"wp-block-file\"><a href=\"http:\/\/bip.wszuie.pl\/wp-content\/uploads\/2022\/06\/Zarzadzenia-Rektora-4_2021.pdf\" target=\"_blank\" rel=\"noopener\">Zarz\u0105dzenia Rektora 4_2021<\/a><\/p>\r\n<p><!-- \/wp:file --><\/p>\r\n<p><!-- wp:file {\"id\":108,\"href\":\"http:\/\/bip.wszuie.pl\/wp-content\/uploads\/2021\/10\/Zarzadzenie-Rektora-5_2021.pdf\"} --><\/p>\r\n<p class=\"wp-block-file\"><a href=\"http:\/\/bip.wszuie.pl\/wp-content\/uploads\/2021\/10\/Zarzadzenie-Rektora-5_2021.pdf\" target=\"_blank\" rel=\"noopener\">Zarz\u0105dzenie Rektora &#8211; 5_2021<\/a><\/p>\r\n<p><a href=\"http:\/\/bip.wszuie.pl\/wp-content\/uploads\/2021\/11\/Zalacznik-nr-1-do-Zarzadzenia-Rektora-nr-5_2021.pdf\" target=\"_blank\" rel=\"noopener\">Za\u0142\u0105cznik nr 1 do Zarz\u0105dzenia Rektora nr 5_2021<\/a><\/p>\r\n<p><a href=\"http:\/\/bip.wszuie.pl\/wp-content\/uploads\/2021\/11\/Zalacznik-nr-2-do-Zarzadzenia-Rektora-nr-5_2021.pdf\">Za\u0142\u0105cznik nr 2 do Zarz\u0105dzenia Rektora nr 5_2021<\/a><\/p>\r\n<p><a href=\"http:\/\/bip.wszuie.pl\/wp-content\/uploads\/2021\/11\/Zalacznik-nr-3-do-Zarzadzenia-Rektora-nr-5_2021.pdf\">Za\u0142\u0105cznik nr 3 do Zarz\u0105dzenia Rektora nr 5_2021<\/a><\/p>\r\n<p><!-- \/wp:file --><\/p>\r\n<p><!-- wp:file {\"id\":108,\"href\":\"http:\/\/bip.wszuie.pl\/wp-content\/uploads\/2021\/11\/Zarza\u0328dzenie-Rektora-6_2021.pdf\"} --><\/p>\r\n<p class=\"wp-block-file\"><a href=\"http:\/\/bip.wszuie.pl\/wp-content\/uploads\/2021\/11\/Zarza\u0328dzenie-Rektora-6_2021.pdf\">Zarz\u0105dzenie Rektora &#8211; 6_2021<\/a><a href=\"http:\/\/bip.wszuie.pl\/wp-content\/uploads\/2021\/11\/Zarza\u0328dzenie-Rektora-6_2021.pdf\"><\/a><\/p>\r\n<p><!-- \/wp:file --><\/p>\r\n<p><!-- wp:file {\"id\":108,\"href\":\"http:\/\/bip.wszuie.pl\/wp-content\/uploads\/2021\/11\/Zarzadzenie-Rektora-7_2021.pdf\"} --><\/p>\r\n<p class=\"wp-block-file\"><a href=\"http:\/\/bip.wszuie.pl\/wp-content\/uploads\/2021\/11\/Zarzadzenie-Rektora-7_2021.pdf\">Zarz\u0105dzenie Rektora &#8211; 7_2021<\/a><a href=\"http:\/\/bip.wszuie.pl\/wp-content\/uploads\/2021\/11\/Zarzadzenie-Rektora-7_2021.pdf\"><\/a><\/p>\r\n<p><!-- \/wp:file --><\/p>\r\n<p><!-- wp:file {\"id\":108,\"href\":\"http:\/\/bip.wszuie.pl\/wp-content\/uploads\/2021\/11\/Zal.-nr-1-do-zarzadzenia-7_2021-KRYTERIA-OCENY-OKRESOWEJ-NAUCZYCIELI-AKADEMICKICH.pdf\"} --><\/p>\r\n<p class=\"wp-block-file\"><a href=\"http:\/\/bip.wszuie.pl\/wp-content\/uploads\/2021\/11\/Zal.-nr-1-do-zarzadzenia-7_2021-KRYTERIA-OCENY-OKRESOWEJ-NAUCZYCIELI-AKADEMICKICH.pdf\" target=\"_blank\" rel=\"noopener\">Za\u0142. nr 1 do Zarz\u0105dzenia Rektora 7_2021<\/a><a href=\"http:\/\/bip.wszuie.pl\/wp-content\/uploads\/2021\/11\/Zal.-nr-1-do-zarzadzenia-7_2021-KRYTERIA-OCENY-OKRESOWEJ-NAUCZYCIELI-AKADEMICKICH.pdf\"><\/a><\/p>\r\n<p><!-- \/wp:file --><\/p>\r\n<p><!-- wp:file {\"id\":108,\"href\":\"http:\/\/bip.wszuie.pl\/wp-content\/uploads\/2021\/11\/http:\/\/bip.wszuie.pl\/wp-content\/uploads\/2021\/11\/Zal.-nr-2-do-zarzadzenia-7_2021-FORMULARZ-OCENY-NAUCZYCIELA-AKADEMICKIEGO.pdf\"} --><\/p>\r\n<p class=\"wp-block-file\"><a href=\"http:\/\/bip.wszuie.pl\/wp-content\/uploads\/2021\/11\/Zal.-nr-2-do-zarzadzenia-7_2021-FORMULARZ-OCENY-NAUCZYCIELA-AKADEMICKIEGO.pdf\" target=\"_blank\" rel=\"noopener\">Za\u0142. nr 2 do Zarz\u0105dzenia Rektora 7_2021<\/a><a href=\"http:\/\/bip.wszuie.pl\/wp-content\/uploads\/2021\/11\/Zal.-nr-2-do-zarzadzenia-7_2021-FORMULARZ-OCENY-NAUCZYCIELA-AKADEMICKIEGO.pdf\"><\/a><\/p>\r\n<p><a href=\"http:\/\/bip.wszuie.pl\/wp-content\/uploads\/2021\/11\/Zarzadzenie-Rektora-8_2021.pdf\" target=\"_blank\" rel=\"noopener\">Zarz\u0105dzenie Rektora &#8211; 8_2021<\/a><a href=\"http:\/\/bip.wszuie.pl\/wp-content\/uploads\/2021\/11\/Zarzadzenie-Rektora-8_2021.pdf\"><\/a><\/p>\r\n<p><!-- \/wp:file --><\/p>\r\n<p><!-- wp:file {\"id\":108,\"href\":\"http:\/\/bip.wszuie.pl\/wp-content\/uploads\/2021\/11\/Zarzadzenie-nr-9-2021.pdf\"} --><\/p>\r\n<p class=\"wp-block-file\"><a href=\"http:\/\/bip.wszuie.pl\/wp-content\/uploads\/2021\/11\/Zarzadzenie-nr-9-2021.pdf\" target=\"_blank\" rel=\"noopener\">Zarz\u0105dzenie Rektora &#8211; 9_2021<\/a><\/p>\r\n<div>\u00a0<\/div>\r\n<h3><strong>ROK 2020<\/strong><\/h3>\r\n<p class=\"wp-block-file\"><a href=\"http:\/\/bip.wszuie.pl\/wp-content\/uploads\/2021\/09\/Zarzadzenie-Rektora-1_2020p.pdf\" target=\"_blank\" rel=\"noopener\">Zarzadzenie-Rektora-1_2020<\/a><\/p>\r\n<p class=\"wp-block-file\"><a href=\"https:\/\/bip.wszuie.pl\/wp-content\/uploads\/2021\/02\/Zarzadzenie-Rektora-2_2020.pdf\" target=\"_blank\" rel=\"noopener\">Zarzadzenie-Rektora-2_2020<\/a><\/p>\r\n<p class=\"wp-block-file\"><a href=\"https:\/\/bip.wszuie.pl\/wp-content\/uploads\/2021\/02\/Zarzadzenie-Rektora-3_2020.pdf\" target=\"_blank\" rel=\"noopener\">Zarzadzenie-Rektora-3_2020<\/a><\/p>\r\n<p class=\"wp-block-file\"><a href=\"https:\/\/bip.wszuie.pl\/wp-content\/uploads\/2021\/02\/Zarzadzenie-Rektora-4_2020.pdf\" target=\"_blank\" rel=\"noopener\">Zarzadzenie-Rektora-4_2020<\/a><\/p>\r\n<p class=\"wp-block-file\"><a href=\"https:\/\/bip.wszuie.pl\/wp-content\/uploads\/2021\/02\/Zarzadzenie-Rektora-5_2020.pdf\" target=\"_blank\" rel=\"noopener\">Zarzadzenie-Rektora-5_2020<\/a><\/p>\r\n<p class=\"wp-block-file\"><a href=\"https:\/\/bip.wszuie.pl\/wp-content\/uploads\/2021\/02\/Zarzadzenie-Rektora-5_2020.pdf\"><\/a><a href=\"https:\/\/bip.wszuie.pl\/wp-content\/uploads\/2021\/02\/Zarzadzenie-Rektora-6_2020.pdf\" target=\"_blank\" rel=\"noopener\">Zarzadzenie-Rektora-6_2020<\/a><\/p>\r\n<p class=\"wp-block-file\"><a href=\"https:\/\/bip.wszuie.pl\/wp-content\/uploads\/2021\/02\/Zarzadzenie-Rektora-7_2020.pdf\" target=\"_blank\" rel=\"noopener\">Zarzadzenie-Rektora-7_2020<\/a><a href=\"https:\/\/bip.wszuie.pl\/wp-content\/uploads\/2021\/02\/Zarzadzenie-Rektora-7_2020.pdf\" target=\"_blank\" rel=\"noopener\"><\/a><\/p>\r\n<p class=\"wp-block-file\"><a href=\"https:\/\/bip.wszuie.pl\/wp-content\/uploads\/2021\/02\/Zarzadzenie-Rektora-8_2020.pdf\" target=\"_blank\" rel=\"noopener\">Zarzadzenie-Rektora-8_2020<\/a><a href=\"https:\/\/bip.wszuie.pl\/wp-content\/uploads\/2021\/02\/Zarzadzenie-Rektora-8_2020.pdf\" target=\"_blank\" rel=\"noopener\"><\/a><\/p>\r\n<p class=\"wp-block-file\"><a href=\"https:\/\/bip.wszuie.pl\/wp-content\/uploads\/2021\/02\/Zalaczinki-1-do-Zarzadzenia-Rektora-8_2020.pdf\" target=\"_blank\" rel=\"noopener\">Zalaczinki-1-do-Zarzadzenia-Rektora-8_2020<\/a><\/p>\r\n<p class=\"wp-block-file\"><a href=\"https:\/\/bip.wszuie.pl\/wp-content\/uploads\/2021\/02\/Zalacznik-1A-do-Zarzadzenia-Rektora-8_2020.pdf\" target=\"_blank\" rel=\"noopener\">Zalacznik-1A-do-Zarzadzenia-Rektora-8_2020<\/a><a href=\"https:\/\/bip.wszuie.pl\/wp-content\/uploads\/2021\/02\/Zalacznik-1A-do-Zarzadzenia-Rektora-8_2020.pdf\" target=\"_blank\" rel=\"noopener\"><\/a><\/p>\r\n<p class=\"wp-block-file\"><a href=\"https:\/\/bip.wszuie.pl\/wp-content\/uploads\/2021\/02\/Zalaczinki-1B-do-Zarzadzenia-Rektora-8_2020.pdf\" target=\"_blank\" rel=\"noopener\">Zalaczinki-1B-do-Zarzadzenia-Rektora-8_2020<\/a><\/p>\r\n<p class=\"wp-block-file\"><a href=\"https:\/\/bip.wszuie.pl\/wp-content\/uploads\/2021\/02\/Zalacznik-1C-do-Zarzadzenia-Rektora-8_2020.pdf\" target=\"_blank\" rel=\"noopener\">Zalacznik-1C-do-Zarzadzenia-Rektora-8_2020<\/a><a href=\"https:\/\/bip.wszuie.pl\/wp-content\/uploads\/2021\/02\/Zalacznik-1D-do-Zarzadzenia-Rektora-8_2020.pdf\" target=\"_blank\" rel=\"noopener\"><\/a><\/p>\r\n<p><a href=\"https:\/\/bip.wszuie.pl\/wp-content\/uploads\/2021\/02\/Zalacznik-1D-do-Zarzadzenia-Rektora-8_2020.pdf\" target=\"_blank\" rel=\"noopener\">Zalacznik-1D-do-Zarzadzenia-Rektora-8_2020<\/a><\/p>\r\n<p class=\"wp-block-file\"><a href=\"https:\/\/bip.wszuie.pl\/wp-content\/uploads\/2021\/02\/Zarzadzenie-Rektora-9_2020.pdf\" target=\"_blank\" rel=\"noopener\">Zarzadzenie-Rektora-9_2020<\/a><\/p>\r\n<p class=\"wp-block-file\"><a href=\"https:\/\/bip.wszuie.pl\/wp-content\/uploads\/2021\/02\/Zarzadzenie-Rektora-10_2020.pdf\" target=\"_blank\" rel=\"noopener\">Zarzadzenie-Rektora-10_2020<\/a><\/p>\r\n<p class=\"wp-block-file\"><a href=\"https:\/\/bip.wszuie.pl\/wp-content\/uploads\/2021\/02\/Zarzazenie-Rektora-nr-11_2020.pdf\" target=\"_blank\" rel=\"noopener\">Zarz\u0105dzenie Rektora &#8211; 11_2020<\/a><\/p>\r\n<p><!-- \/wp:file --><\/p>\r\n<p><!-- wp:file {\"id\":93,\"href\":\"https:\/\/bip.wszuie.pl\/wp-content\/uploads\/2021\/02\/Zarzadzenie-Rektora-2_2020.pdf\"} --><\/p>\r\n<p><!-- \/wp:file --><\/p>\r\n<p><!-- wp:file {\"id\":95,\"href\":\"https:\/\/bip.wszuie.pl\/wp-content\/uploads\/2021\/02\/Zarzadzenie-Rektora-3_2020.pdf\"} --><\/p>\r\n<p><!-- \/wp:file --><\/p>\r\n<p><!-- wp:file {\"id\":96,\"href\":\"https:\/\/bip.wszuie.pl\/wp-content\/uploads\/2021\/02\/Zarzadzenie-Rektora-4_2020.pdf\"} --><\/p>\r\n<p><!-- \/wp:file --><\/p>\r\n<p><!-- wp:file {\"id\":97,\"href\":\"https:\/\/bip.wszuie.pl\/wp-content\/uploads\/2021\/02\/Zarzadzenie-Rektora-5_2020.pdf\"} --><\/p>\r\n<p><!-- \/wp:file --><\/p>\r\n<p><!-- wp:file {\"id\":98,\"href\":\"https:\/\/bip.wszuie.pl\/wp-content\/uploads\/2021\/02\/Zarzadzenie-Rektora-6_2020.pdf\"} --><\/p>\r\n<p><!-- \/wp:file --><\/p>\r\n<p><!-- wp:file {\"id\":99,\"href\":\"https:\/\/bip.wszuie.pl\/wp-content\/uploads\/2021\/02\/Zarzadzenie-Rektora-7_2020.pdf\"} --><\/p>\r\n<p><!-- \/wp:file --><\/p>\r\n<p><!-- wp:file {\"id\":100,\"href\":\"https:\/\/bip.wszuie.pl\/wp-content\/uploads\/2021\/02\/Zarzadzenie-Rektora-8_2020.pdf\"} --><\/p>\r\n<p><!-- \/wp:file --><\/p>\r\n<p><!-- wp:file {\"id\":101,\"href\":\"https:\/\/bip.wszuie.pl\/wp-content\/uploads\/2021\/02\/Zalaczinki-1-do-Zarzadzenia-Rektora-8_2020.pdf\"} --><\/p>\r\n<p><!-- \/wp:file --><\/p>\r\n<p><!-- wp:file {\"id\":102,\"href\":\"https:\/\/bip.wszuie.pl\/wp-content\/uploads\/2021\/02\/Zalacznik-1A-do-Zarzadzenia-Rektora-8_2020.pdf\"} --><\/p>\r\n<p><!-- \/wp:file --><\/p>\r\n<p><!-- wp:file {\"id\":103,\"href\":\"https:\/\/bip.wszuie.pl\/wp-content\/uploads\/2021\/02\/Zalaczinki-1B-do-Zarzadzenia-Rektora-8_2020.pdf\"} --><\/p>\r\n<p><!-- \/wp:file --><\/p>\r\n<p><!-- wp:file {\"id\":104,\"href\":\"https:\/\/bip.wszuie.pl\/wp-content\/uploads\/2021\/02\/Zalacznik-1C-do-Zarzadzenia-Rektora-8_2020.pdf\"} --><\/p>\r\n<p><!-- \/wp:file --><\/p>\r\n<p><!-- wp:file {\"id\":105,\"href\":\"https:\/\/bip.wszuie.pl\/wp-content\/uploads\/2021\/02\/Zalacznik-1D-do-Zarzadzenia-Rektora-8_2020.pdf\"} --><\/p>\r\n<p><!-- \/wp:file --><\/p>\r\n<p><!-- wp:file {\"id\":106,\"href\":\"https:\/\/bip.wszuie.pl\/wp-content\/uploads\/2021\/02\/Zarzadzenie-Rektora-9_2020.pdf\"} --><\/p>\r\n<p><!-- \/wp:file --><\/p>\r\n<p><!-- wp:file {\"id\":107,\"href\":\"https:\/\/bip.wszuie.pl\/wp-content\/uploads\/2021\/02\/Zarzadzenie-Rektora-10_2020.pdf\"} --><\/p>\r\n<p><!-- \/wp:file --><\/p>\r\n<p><!-- wp:file {\"id\":108,\"href\":\"https:\/\/bip.wszuie.pl\/wp-content\/uploads\/2021\/02\/Zarzazenie-Rektora-nr-11_2020.pdf\"} --><\/p>\r\n<p><!-- \/wp:file --><\/p>","protected":false},"excerpt":{"rendered":"<p>ROK 2024 Zarz\u0105dzenie Rektora 1_2024 Za\u0142\u0105cznik nr 1 do Zarz\u0105dzenia Rektora nr 1_2024 Zarz\u0105dzenie Rektora 2_2024 Zarz\u0105dzenie Rektora 3_2024 Zarz\u0105dzenie Rektora 4_2024 Zarza\u0328dzenie Rektora 5_2024 ROK 2023 Zarz\u0105dzenie Rektora 1_2023 Zarz\u0105dzenie Rektora 2_2023 Zarz\u0105dzenie Rektora 3_2023 ROK 2022 Zarz\u0105dzenie Rektora &hellip; <a href=\"https:\/\/bip.wszuie.pl\/?page_id=79\">Czytaj dalej <span class=\"meta-nav\">&rarr;<\/span><\/a><\/p>\n","protected":false},"author":2,"featured_media":0,"parent":77,"menu_order":0,"comment_status":"closed","ping_status":"closed","template":"","meta":[],"_links":{"self":[{"href":"https:\/\/bip.wszuie.pl\/index.php?rest_route=\/wp\/v2\/pages\/79"}],"collection":[{"href":"https:\/\/bip.wszuie.pl\/index.php?rest_route=\/wp\/v2\/pages"}],"about":[{"href":"https:\/\/bip.wszuie.pl\/index.php?rest_route=\/wp\/v2\/types\/page"}],"author":[{"embeddable":true,"href":"https:\/\/bip.wszuie.pl\/index.php?rest_route=\/wp\/v2\/users\/2"}],"replies":[{"embeddable":true,"href":"https:\/\/bip.wszuie.pl\/index.php?rest_route=%2Fwp%2Fv2%2Fcomments&post=79"}],"version-history":[{"count":64,"href":"https:\/\/bip.wszuie.pl\/index.php?rest_route=\/wp\/v2\/pages\/79\/revisions"}],"predecessor-version":[{"id":860,"href":"https:\/\/bip.wszuie.pl\/index.php?rest_route=\/wp\/v2\/pages\/79\/revisions\/860"}],"up":[{"embeddable":true,"href":"https:\/\/bip.wszuie.pl\/index.php?rest_route=\/wp\/v2\/pages\/77"}],"wp:attachment":[{"href":"https:\/\/bip.wszuie.pl\/index.php?rest_route=%2Fwp%2Fv2%2Fmedia&parent=79"}],"curies":[{"name":"wp","href":"https:\/\/api.w.org\/{rel}","templated":true}]}}