{"id":766,"date":"2024-02-01T10:21:20","date_gmt":"2024-02-01T10:21:20","guid":{"rendered":"https:\/\/bip.wszuie.pl\/?page_id=766"},"modified":"2024-09-11T09:48:09","modified_gmt":"2024-09-11T09:48:09","slug":"uchwaly-senatu-rok-akademicki-2023-2024","status":"publish","type":"page","link":"https:\/\/bip.wszuie.pl\/?page_id=766","title":{"rendered":"Uchwa\u0142y Senatu \u2013 rok akademicki 2023\/2024"},"content":{"rendered":"<p><a href=\"http:\/\/bip.wszuie.pl\/wp-content\/uploads\/2024\/02\/Uchwala-Senatu-nr-1.23.24-1.pdf\" target=\"_blank\" rel=\"noopener\">Uchwa\u0142a Senatu nr 1.23.24<\/a><\/p>\n<p><a href=\"http:\/\/bip.wszuie.pl\/wp-content\/uploads\/2024\/02\/Uchwala-Senatu-nr-2.23.24-2.pdf\">Uchwa\u0142a Senatu nr 2.23.24<\/a><a href=\"http:\/\/bip.wszuie.pl\/wp-content\/uploads\/2024\/02\/Uchwala-Senatu-nr-2.23.24-1.pdf\" target=\"_blank\" rel=\"noopener\"><\/a><\/p>\n<p><a href=\"http:\/\/bip.wszuie.pl\/wp-content\/uploads\/2024\/02\/Uchwala-Senatu-nr-3.23.24-rekrutacyjna-na-rok-2025-26-1.pdf\" target=\"_blank\" rel=\"noopener\">Uchwa\u0142a Senatu nr 3.23.24<\/a><a href=\"http:\/\/bip.wszuie.pl\/wp-content\/uploads\/2024\/09\/Uchwala-Senatu-nr-9.23.24-Regulamin-praktyk-zawodowych.pdf\"><\/a><\/p>\n<p><a href=\"http:\/\/bip.wszuie.pl\/wp-content\/uploads\/2024\/09\/Uchwala-Senatu-nr-4.23.24-1.pdf\" target=\"_blank\" rel=\"noopener\">Uchwa\u0142a Senatu nr 4.23.24<\/a><\/p>\n<p><a href=\"http:\/\/bip.wszuie.pl\/wp-content\/uploads\/2024\/09\/Uchwala-Senatu-nr-5.23.24-Zmiany-planow-i-programow-studiow-I-stopnia-kosmetologia-1.pdf\" target=\"_blank\" rel=\"noopener\">Uchwa\u0142a Senatu nr 5.23.24<\/a><\/p>\n<p><a href=\"http:\/\/bip.wszuie.pl\/wp-content\/uploads\/2024\/09\/Uchwala-Senatu-nr-6.23.24-Zmiany-planow-i-programow-studiow-II-stopnia-kosmetologia-2.pdf\" target=\"_blank\" rel=\"noopener\">Uchwa\u0142a Senatu nr 6.23.24<\/a><\/p>\n<p><a href=\"http:\/\/bip.wszuie.pl\/wp-content\/uploads\/2024\/09\/Uchwala-Senatu-nr-7.23.24-Zmiany-planow-i-programow-studiow-I-stopnia-dietetyka-1.pdf\" target=\"_blank\" rel=\"noopener\">Uchwa\u0142a Senatu nr 7.23.24<\/a><\/p>\n<p><a href=\"http:\/\/bip.wszuie.pl\/wp-content\/uploads\/2024\/09\/Uchwala-Senatu-nr-8.23.24-Zmiany-planow-i-programow-studiow-II-stopnia-dietetyka-1.pdf\" target=\"_blank\" rel=\"noopener\">Uchwa\u0142a Senatu nr 8.23.24<\/a><\/p>\n<p><a href=\"http:\/\/bip.wszuie.pl\/wp-content\/uploads\/2024\/09\/Uchwala-Senatu-nr-9.23.24-Regulamin-praktyk-zawodowych.doc.pdf\" target=\"_blank\" rel=\"noopener\">Uchwa\u0142a Senatu nr 9.23.24<\/a><\/p>\n<p><a href=\"http:\/\/bip.wszuie.pl\/wp-content\/uploads\/2024\/09\/Uchwala-Senatu-nr-9.23.24-Regulamin-praktyk-zawodowych-1.pdf\" target=\"_blank\" rel=\"noopener\">Za\u0142\u0105cznik nr 1 do uchwa\u0142y 9.23.24 &#8211; Regulamin praktyk zawodowych &#8211; studia I stopnia, kosmetologia<\/a><\/p>\n<p><a href=\"http:\/\/bip.wszuie.pl\/wp-content\/uploads\/2024\/09\/Zalacznik-nr-2-do-uchwaly-9.23.24-Regulamin-praktyk-zawodowych-studia-II-stopnia-kosmetologia.pdf\" target=\"_blank\" rel=\"noopener\">Za\u0142\u0105cznik nr 2 do uchwa\u0142y 9.23.24 &#8211; Regulamin praktyk zawodowych &#8211; studia II stopnia, kosmetologia<\/a><\/p>\n<p><a href=\"http:\/\/bip.wszuie.pl\/wp-content\/uploads\/2024\/09\/Zalacznik-nr-3-do-uchwaly-9.23.24-Regulamin-praktyk-zawodowych-studia-I-stopnia-dietetyka.pdf\" target=\"_blank\" rel=\"noopener\">Za\u0142\u0105cznik nr 3 do uchwa\u0142y 9.23.24 &#8211; Regulamin praktyk zawodowych &#8211; studia I stopnia, dietetyka<\/a><\/p>\n<p><a href=\"http:\/\/bip.wszuie.pl\/wp-content\/uploads\/2024\/09\/Zalacznik-nr-4-do-uchwaly-9.23.24-Regulamin-praktyk-zawodowych-studia-II-stopnia-dietetyka.pdf\" target=\"_blank\" rel=\"noopener\">Za\u0142\u0105cznik nr 4 do uchwa\u0142y 9.23.24 &#8211; Regulamin praktyk zawodowych &#8211; studia II stopnia, dietetyka<\/a><\/p>\n<p><a href=\"http:\/\/bip.wszuie.pl\/wp-content\/uploads\/2024\/09\/Uchwala-Senatu-nr-10.23.24-1.pdf\" target=\"_blank\" rel=\"noopener\">Uchwa\u0142a Senatu nr 10.23.24<\/a><\/p>\n<p><a href=\"http:\/\/bip.wszuie.pl\/wp-content\/uploads\/2024\/09\/Zalacznik-nr-1-do-uchwaly-10.23.24-Regulamin-dyplomowania-na-studiach-magisterskich.pdf\" target=\"_blank\" rel=\"noopener\">Za\u0142\u0105cznik nr 1 do uchwa\u0142y 10.23.24 &#8211; Regulamin dyplomowania na studiach magisterskich<\/a><\/p>\n<p><a href=\"http:\/\/bip.wszuie.pl\/wp-content\/uploads\/2024\/09\/Uchwala-Senatu-nr-11.23.24-1.pdf\" target=\"_blank\" rel=\"noopener\">Uchwa\u0142a Senatu nr 11.23.24<\/a><\/p>\n<p><a href=\"http:\/\/bip.wszuie.pl\/wp-content\/uploads\/2024\/09\/Zalacznik-nr-1-do-uchwaly-11.23.24-Regulamin-dyplomowania-na-studiach-licencjackich-dietetyki.pdf\" target=\"_blank\" rel=\"noopener\">Za\u0142\u0105cznik nr 1 do uchwa\u0142y 11.23.24 &#8211; Regulamin dyplomowania na studiach licencjackich dietetyki<\/a><\/p>\n<p><a href=\"http:\/\/bip.wszuie.pl\/wp-content\/uploads\/2024\/09\/Uchwala-Senatu-nr-12.23.24-1.pdf\" target=\"_blank\" rel=\"noopener\">Uchwa\u0142a Senatu nr 12.23.24<\/a><\/p>\n<p><a href=\"http:\/\/bip.wszuie.pl\/wp-content\/uploads\/2024\/09\/Zalacznik-nr-1-do-uchwaly-12.23.24-Regulamin-dyplomowania-na-studiach-licencjackich-kosmetologii.pdf\" target=\"_blank\" rel=\"noopener\">Za\u0142\u0105cznik nr 1 do uchwa\u0142y 12.23.24 &#8211; Regulamin dyplomowania na studiach licencjackich kosmetologii<\/a><\/p>\n<p><a href=\"http:\/\/bip.wszuie.pl\/wp-content\/uploads\/2024\/09\/Uchwala-Senatu-nr-13.23.24.pdf\" target=\"_blank\" rel=\"noopener\">Uchwa\u0142a Senatu nr 13.23.24<\/a><\/p>\n<p><a href=\"http:\/\/bip.wszuie.pl\/wp-content\/uploads\/2024\/09\/Zalacznik-nr-1-do-uchwaly-13.23.24-Regulamin-studiow-podyplomowych-WSZUiE.pdf\" target=\"_blank\" rel=\"noopener\">Za\u0142\u0105cznik nr 1 do uchwa\u0142y 13.23.24 &#8211; Regulamin studi\u00f3w podyplomowych WSZUiE<\/a><\/p>\n<p><a href=\"http:\/\/bip.wszuie.pl\/wp-content\/uploads\/2024\/09\/Uchwala-Senatu-nr-14.23.24-1.pdf\" target=\"_blank\" rel=\"noopener\">Uchwa\u0142a Senatu nr 14.23.24<\/a><\/p>\n","protected":false},"excerpt":{"rendered":"<p>Uchwa\u0142a Senatu nr 1.23.24 Uchwa\u0142a Senatu nr 2.23.24 Uchwa\u0142a Senatu nr 3.23.24 Uchwa\u0142a Senatu nr 4.23.24 Uchwa\u0142a Senatu nr 5.23.24 Uchwa\u0142a Senatu nr 6.23.24 Uchwa\u0142a Senatu nr 7.23.24 Uchwa\u0142a Senatu nr 8.23.24 Uchwa\u0142a Senatu nr 9.23.24 Za\u0142\u0105cznik nr 1 do &hellip; <a href=\"https:\/\/bip.wszuie.pl\/?page_id=766\">Czytaj dalej <span class=\"meta-nav\">&rarr;<\/span><\/a><\/p>\n","protected":false},"author":4,"featured_media":0,"parent":252,"menu_order":0,"comment_status":"closed","ping_status":"closed","template":"","meta":[],"_links":{"self":[{"href":"https:\/\/bip.wszuie.pl\/index.php?rest_route=\/wp\/v2\/pages\/766"}],"collection":[{"href":"https:\/\/bip.wszuie.pl\/index.php?rest_route=\/wp\/v2\/pages"}],"about":[{"href":"https:\/\/bip.wszuie.pl\/index.php?rest_route=\/wp\/v2\/types\/page"}],"author":[{"embeddable":true,"href":"https:\/\/bip.wszuie.pl\/index.php?rest_route=\/wp\/v2\/users\/4"}],"replies":[{"embeddable":true,"href":"https:\/\/bip.wszuie.pl\/index.php?rest_route=%2Fwp%2Fv2%2Fcomments&post=766"}],"version-history":[{"count":9,"href":"https:\/\/bip.wszuie.pl\/index.php?rest_route=\/wp\/v2\/pages\/766\/revisions"}],"predecessor-version":[{"id":845,"href":"https:\/\/bip.wszuie.pl\/index.php?rest_route=\/wp\/v2\/pages\/766\/revisions\/845"}],"up":[{"embeddable":true,"href":"https:\/\/bip.wszuie.pl\/index.php?rest_route=\/wp\/v2\/pages\/252"}],"wp:attachment":[{"href":"https:\/\/bip.wszuie.pl\/index.php?rest_route=%2Fwp%2Fv2%2Fmedia&parent=766"}],"curies":[{"name":"wp","href":"https:\/\/api.w.org\/{rel}","templated":true}]}}