{"id":761,"date":"2024-02-01T10:19:01","date_gmt":"2024-02-01T10:19:01","guid":{"rendered":"https:\/\/bip.wszuie.pl\/?page_id=761"},"modified":"2024-02-01T10:19:01","modified_gmt":"2024-02-01T10:19:01","slug":"uchwaly-senatu-rok-akademicki-2018-2019-2","status":"publish","type":"page","link":"https:\/\/bip.wszuie.pl\/?page_id=761","title":{"rendered":"Uchwa\u0142y Senatu \u2013 rok akademicki 2018\/2019"},"content":{"rendered":"<p><a href=\"http:\/\/bip.wszuie.pl\/wp-content\/uploads\/2024\/02\/Uchwala-Senatu-nr-1.23.24.pdf\">Uchwa\u0142a Senatu nr 1.23.24<\/a><\/p>\n<p><a href=\"http:\/\/bip.wszuie.pl\/wp-content\/uploads\/2024\/02\/Uchwala-Senatu-nr-2.23.24.pdf\">Uchwa\u0142a Senatu nr 2.23.24<\/a><\/p>\n<p><a href=\"http:\/\/bip.wszuie.pl\/wp-content\/uploads\/2024\/02\/Uchwala-Senatu-nr-3.23.24-rekrutacyjna-na-rok-2025-26.pdf\">Uchwa\u0142a Senatu nr 3.23.24 <\/a><\/p>\n","protected":false},"excerpt":{"rendered":"<p>Uchwa\u0142a Senatu nr 1.23.24 Uchwa\u0142a Senatu nr 2.23.24 Uchwa\u0142a Senatu nr 3.23.24<\/p>\n","protected":false},"author":4,"featured_media":0,"parent":252,"menu_order":0,"comment_status":"closed","ping_status":"closed","template":"","meta":[],"_links":{"self":[{"href":"https:\/\/bip.wszuie.pl\/index.php?rest_route=\/wp\/v2\/pages\/761"}],"collection":[{"href":"https:\/\/bip.wszuie.pl\/index.php?rest_route=\/wp\/v2\/pages"}],"about":[{"href":"https:\/\/bip.wszuie.pl\/index.php?rest_route=\/wp\/v2\/types\/page"}],"author":[{"embeddable":true,"href":"https:\/\/bip.wszuie.pl\/index.php?rest_route=\/wp\/v2\/users\/4"}],"replies":[{"embeddable":true,"href":"https:\/\/bip.wszuie.pl\/index.php?rest_route=%2Fwp%2Fv2%2Fcomments&post=761"}],"version-history":[{"count":1,"href":"https:\/\/bip.wszuie.pl\/index.php?rest_route=\/wp\/v2\/pages\/761\/revisions"}],"predecessor-version":[{"id":765,"href":"https:\/\/bip.wszuie.pl\/index.php?rest_route=\/wp\/v2\/pages\/761\/revisions\/765"}],"up":[{"embeddable":true,"href":"https:\/\/bip.wszuie.pl\/index.php?rest_route=\/wp\/v2\/pages\/252"}],"wp:attachment":[{"href":"https:\/\/bip.wszuie.pl\/index.php?rest_route=%2Fwp%2Fv2%2Fmedia&parent=761"}],"curies":[{"name":"wp","href":"https:\/\/api.w.org\/{rel}","templated":true}]}}