{"id":75,"date":"2021-02-26T10:55:36","date_gmt":"2021-02-26T10:55:36","guid":{"rendered":"http:\/\/bip.wszuie.pl\/?page_id=75"},"modified":"2024-02-01T08:50:41","modified_gmt":"2024-02-01T08:50:41","slug":"senat","status":"publish","type":"page","link":"https:\/\/bip.wszuie.pl\/?page_id=75","title":{"rendered":"Senat"},"content":{"rendered":"<p style=\"text-align: center;\"><strong>Sk\u0142ad Senatu<\/strong><\/p>\n<p style=\"text-align: center;\"><strong>Wy\u017cszej Szko\u0142y Zdrowia, Urody i Edukacji<\/strong><\/p>\n<p style=\"text-align: center;\"><strong>w Poznaniu<\/strong><\/p>\n<p style=\"text-align: center;\"><strong>kadencja od 2021 roku do 2025 roku<\/strong><\/p>\n<p>&nbsp;<\/p>\n<p><strong>I) Przewodnicz\u0105cy:<\/strong><\/p>\n<p>1) prof. WSZUiE dr hab. n. med. Marian Grzymis\u0142awski &#8211; Rektor<\/p>\n<p><strong>II) Dziekan:<\/strong><\/p>\n<p>2) dr in\u017c. Agnieszka Wi\u015bniewska \u2013 Wydzia\u0142 Nauk o Zdrowiu<\/p>\n<p><strong>III) Prodziekani:<\/strong><\/p>\n<p>3) dr Ewa Bresi\u0144ska-Krawiec \u2013 kierunek dietetyka, studia I i II stopnia<\/p>\n<p><strong>IV) Za\u0142o\u017cyciel:<\/strong><\/p>\n<p>4) mgr Aniela Goc<\/p>\n<p><strong>V) Kanclerz:<\/strong><\/p>\n<p>5) mgr in\u017c. Bogus\u0142awa O\u017ami\u0144ska<\/p>\n<p><strong>VI) Wicekanclerz:<\/strong><\/p>\n<p>6) Piotr Skrzypczak<\/p>\n<p><strong>VII) Pracownicy dydaktyczni Uczelni zatrudnieni w pe\u0142nym wymiarze czasu pracy:<\/strong><\/p>\n<p>7) dr in\u017c. Ma\u0142gorzata Korsar<\/p>\n<p>8) dr Joanna Rutkowska<\/p>\n<p>9) dr Klaudia Malikowska<\/p>\n<p>10) dr Gra\u017cyna Szmyt<\/p>\n<p>11) mgr Sandra Makowska<\/p>\n<p>12) mgr Dorota Lewandowska<\/p>\n<p>13) mgr Jaros\u0142aw Skrobich<\/p>\n<p><strong>IX) Przedstawiciel pracownik\u00f3w nieb\u0119d\u0105cy nauczycielem akademickim<\/strong><\/p>\n<p>14) mgr Magdalena K\u0119dzierska<\/p>\n<p><strong>X) Przedstawiciele student\u00f3w:<\/strong><\/p>\n<p>15) Wiktoria Bartkowiak<\/p>\n<p>16) Pamela Faustyna Galemba<\/p>\n<p>17) Agnieszka Miko\u0142ajczak<\/p>\n<p>18) Martyna Roszak<\/p>\n","protected":false},"excerpt":{"rendered":"<p>Sk\u0142ad Senatu Wy\u017cszej Szko\u0142y Zdrowia, Urody i Edukacji w Poznaniu kadencja od 2021 roku do 2025 roku &nbsp; I) Przewodnicz\u0105cy: 1) prof. WSZUiE dr hab. n. med. Marian Grzymis\u0142awski &#8211; Rektor II) Dziekan: 2) dr in\u017c. Agnieszka Wi\u015bniewska \u2013 Wydzia\u0142 &hellip; <a href=\"https:\/\/bip.wszuie.pl\/?page_id=75\">Czytaj dalej <span class=\"meta-nav\">&rarr;<\/span><\/a><\/p>\n","protected":false},"author":2,"featured_media":0,"parent":22,"menu_order":0,"comment_status":"closed","ping_status":"closed","template":"onecolumn-page.php","meta":[],"_links":{"self":[{"href":"https:\/\/bip.wszuie.pl\/index.php?rest_route=\/wp\/v2\/pages\/75"}],"collection":[{"href":"https:\/\/bip.wszuie.pl\/index.php?rest_route=\/wp\/v2\/pages"}],"about":[{"href":"https:\/\/bip.wszuie.pl\/index.php?rest_route=\/wp\/v2\/types\/page"}],"author":[{"embeddable":true,"href":"https:\/\/bip.wszuie.pl\/index.php?rest_route=\/wp\/v2\/users\/2"}],"replies":[{"embeddable":true,"href":"https:\/\/bip.wszuie.pl\/index.php?rest_route=%2Fwp%2Fv2%2Fcomments&post=75"}],"version-history":[{"count":17,"href":"https:\/\/bip.wszuie.pl\/index.php?rest_route=\/wp\/v2\/pages\/75\/revisions"}],"predecessor-version":[{"id":746,"href":"https:\/\/bip.wszuie.pl\/index.php?rest_route=\/wp\/v2\/pages\/75\/revisions\/746"}],"up":[{"embeddable":true,"href":"https:\/\/bip.wszuie.pl\/index.php?rest_route=\/wp\/v2\/pages\/22"}],"wp:attachment":[{"href":"https:\/\/bip.wszuie.pl\/index.php?rest_route=%2Fwp%2Fv2%2Fmedia&parent=75"}],"curies":[{"name":"wp","href":"https:\/\/api.w.org\/{rel}","templated":true}]}}