{"id":67,"date":"2021-02-26T10:45:54","date_gmt":"2021-02-26T10:45:54","guid":{"rendered":"http:\/\/bip.wszuie.pl\/?page_id=67"},"modified":"2024-12-04T09:22:06","modified_gmt":"2024-12-04T09:22:06","slug":"akty-prawne","status":"publish","type":"page","link":"https:\/\/bip.wszuie.pl\/?page_id=67","title":{"rendered":"Akty Prawne"},"content":{"rendered":"<p><a href=\"http:\/\/bip.wszuie.pl\/wp-content\/uploads\/2023\/09\/Statut-WSZUiE-w-Poznaniu-z-dnia-1.09.2023-r.pdf\" target=\"_blank\" rel=\"noopener\">Statut WSZUiE w Poznaniu z dnia 1.09.2023 r<\/a><\/p>\n<p><a href=\"http:\/\/bip.wszuie.pl\/wp-content\/uploads\/2024\/08\/Zalacznik-nr-1-do-uchwaly-Senatu-nr-19.21.22-regulamin-studiow.pdf\">Regulamin studi\u00f3w z dnia 26.04.2022 r. &#8211; obowi\u0105zuje od dnia 1.10.2022 r.<\/a><a href=\"http:\/\/bip.wszuie.pl\/wp-content\/uploads\/2021\/02\/regulamin_studiOw_2019_20.pdf\" target=\"_blank\" rel=\"noopener\"><\/a><\/p>\n<p><a href=\"http:\/\/bip.wszuie.pl\/wp-content\/uploads\/2021\/03\/REGULAMIN-ORGANIZACYJNY-WSZUiE-w-Poznaniu.pdf\" target=\"_blank\" rel=\"noopener\">Regulamin organizacyjny WSZUiE w Poznaniu<\/a><\/p>\n<p><a href=\"http:\/\/bip.wszuie.pl\/wp-content\/uploads\/2023\/02\/Zalacznik-nr-1-do-Zarzadzenia-Rektora-nr-5_2022.pdf\" target=\"_blank\" rel=\"noopener\">Regulamin \u015bwiadcze\u0144 dla student\u00f3w WSZUiE w Poznaniu<\/a><a href=\"http:\/\/bip.wszuie.pl\/wp-content\/uploads\/2021\/09\/REGULAMIN_s\u0301wiadczen\u0301_dla_studento\u0301w_WSZUiE_w_Poznaniu.pdf\"><\/a><\/p>\n<p><a href=\"http:\/\/bip.wszuie.pl\/wp-content\/uploads\/2021\/10\/Strategia-rozwoju-WSZUiE-na-lata-2020-2030.pdf\" target=\"_blank\" rel=\"noopener\"><\/a><a href=\"http:\/\/bip.wszuie.pl\/wp-content\/uploads\/2023\/09\/Strategia-rozwoju-WSZUiE-na-lata-2020-2030.pdf\">Strategia rozwoju WSZUiE na lata 2020-2030<\/a><a href=\"http:\/\/bip.wszuie.pl\/wp-content\/uploads\/2021\/10\/Strategia-rozwoju-WSZUiE-na-lata-2020-2030.pdf\" target=\"_blank\" rel=\"noopener\"><\/a><\/p>\n<p><a href=\"http:\/\/bip.wszuie.pl\/wp-content\/uploads\/2021\/11\/Regulamin-zarza\u0328dzania-prawami-autorskimi.pdf\" target=\"_blank\" rel=\"noopener\">Regulamin zarz\u0105dzania prawami autorskimi i prawami pokrewnymi oraz prawami w\u0142asno\u015bci przemys\u0142owej<\/a><a href=\"http:\/\/bip.wszuie.pl\/wp-content\/uploads\/2021\/10\/Raport-samooceny-WSZUiE-w-Poznaniu.pdf\" target=\"_blank\" rel=\"noopener\"><\/a><\/p>\n<p><a href=\"http:\/\/bip.wszuie.pl\/wp-content\/uploads\/2024\/12\/Zalacznik-do-Zarzadzenia-nr-4_2024-Rektora-WSZUiE-z-dnia-13.11.2024-r.-regulamin-pracy.pdf\">Regulamin pracy<\/a><\/p>\n<p>&nbsp;<\/p>\n","protected":false},"excerpt":{"rendered":"<p>Statut WSZUiE w Poznaniu z dnia 1.09.2023 r Regulamin studi\u00f3w z dnia 26.04.2022 r. &#8211; obowi\u0105zuje od dnia 1.10.2022 r. Regulamin organizacyjny WSZUiE w Poznaniu Regulamin \u015bwiadcze\u0144 dla student\u00f3w WSZUiE w Poznaniu Strategia rozwoju WSZUiE na lata 2020-2030 Regulamin zarz\u0105dzania &hellip; <a href=\"https:\/\/bip.wszuie.pl\/?page_id=67\">Czytaj dalej <span class=\"meta-nav\">&rarr;<\/span><\/a><\/p>\n","protected":false},"author":2,"featured_media":0,"parent":0,"menu_order":2,"comment_status":"closed","ping_status":"closed","template":"onecolumn-page.php","meta":[],"_links":{"self":[{"href":"https:\/\/bip.wszuie.pl\/index.php?rest_route=\/wp\/v2\/pages\/67"}],"collection":[{"href":"https:\/\/bip.wszuie.pl\/index.php?rest_route=\/wp\/v2\/pages"}],"about":[{"href":"https:\/\/bip.wszuie.pl\/index.php?rest_route=\/wp\/v2\/types\/page"}],"author":[{"embeddable":true,"href":"https:\/\/bip.wszuie.pl\/index.php?rest_route=\/wp\/v2\/users\/2"}],"replies":[{"embeddable":true,"href":"https:\/\/bip.wszuie.pl\/index.php?rest_route=%2Fwp%2Fv2%2Fcomments&post=67"}],"version-history":[{"count":31,"href":"https:\/\/bip.wszuie.pl\/index.php?rest_route=\/wp\/v2\/pages\/67\/revisions"}],"predecessor-version":[{"id":866,"href":"https:\/\/bip.wszuie.pl\/index.php?rest_route=\/wp\/v2\/pages\/67\/revisions\/866"}],"wp:attachment":[{"href":"https:\/\/bip.wszuie.pl\/index.php?rest_route=%2Fwp%2Fv2%2Fmedia&parent=67"}],"curies":[{"name":"wp","href":"https:\/\/api.w.org\/{rel}","templated":true}]}}