{"id":633,"date":"2023-02-09T12:01:41","date_gmt":"2023-02-09T12:01:41","guid":{"rendered":"https:\/\/bip.wszuie.pl\/?page_id=633"},"modified":"2024-02-01T10:25:00","modified_gmt":"2024-02-01T10:25:00","slug":"uchwaly-senatu-rok-akademicki-2022-2023","status":"publish","type":"page","link":"https:\/\/bip.wszuie.pl\/?page_id=633","title":{"rendered":"Uchwa\u0142y Senatu \u2013 rok akademicki 2022\/2023"},"content":{"rendered":"<p><a href=\"http:\/\/bip.wszuie.pl\/wp-content\/uploads\/2024\/02\/Uchwala-Senatu-nr-1.22.23.pdf\">Uchwa\u0142a Senatu nr 1.22.23<\/a><\/p>\n<p><a href=\"http:\/\/bip.wszuie.pl\/wp-content\/uploads\/2024\/02\/Uchwala-Senatu-nr-2.22.23.pdf\">Uchwa\u0142a Senatu nr 2.22.23<\/a><\/p>\n<p><a href=\"http:\/\/bip.wszuie.pl\/wp-content\/uploads\/2023\/02\/Uchwala-Senatu-nr-3.22.23.pdf\" target=\"_blank\" rel=\"noopener\">Uchwa\u0142a Senatu nr 3.22.23<\/a><\/p>\n<p><a href=\"http:\/\/bip.wszuie.pl\/wp-content\/uploads\/2023\/02\/Uchwala-Senatu-nr-4.22.23.pdf\" target=\"_blank\" rel=\"noopener\">Uchwa\u0142a Senatu nr 4.22.23<\/a><a href=\"http:\/\/bip.wszuie.pl\/wp-content\/uploads\/2023\/02\/Uchwala-Senatu-nr-5.21.22.pdf\"><\/a><\/p>\n<p><a href=\"http:\/\/bip.wszuie.pl\/wp-content\/uploads\/2023\/02\/Uchwala-Senatu-nr-5.21.22.pdf\" target=\"_blank\" rel=\"noopener\">Uchwa\u0142a Senatu nr 5.21.22<\/a><\/p>\n<p><a href=\"http:\/\/bip.wszuie.pl\/wp-content\/uploads\/2023\/06\/Uchwala-Senatu-nr-6.22.23-1.pdf\">Uchwa\u0142a Senatu nr 6.22.23<\/a><\/p>\n<p><a href=\"http:\/\/bip.wszuie.pl\/wp-content\/uploads\/2023\/06\/Zalacznik-nr-1-do-uchwaly-Senatu-nr-6.22.23.pdf\">Za\u0142\u0105cznik nr 1 do uchwa\u0142y Senatu nr 6.22.23<\/a><\/p>\n<p><a href=\"http:\/\/bip.wszuie.pl\/wp-content\/uploads\/2023\/06\/Zalacznik-nr-2-do-uchwaly-Senatu-nr-6.22.23.pdf\">Za\u0142\u0105cznik nr 2 do uchwa\u0142y Senatu nr 6.22.23<\/a><\/p>\n<p><a href=\"http:\/\/bip.wszuie.pl\/wp-content\/uploads\/2023\/06\/Zalacznik-nr-3-do-uchwaly-Senatu-nr-6.22.23.pdf\">Za\u0142\u0105cznik nr 3 do uchwa\u0142y Senatu nr 6.22.23<\/a><\/p>\n<p><a href=\"http:\/\/bip.wszuie.pl\/wp-content\/uploads\/2023\/06\/Zalacznik-nr-4-do-uchwaly-Senatu-nr-6.22.23-1.pdf\">Za\u0142\u0105cznik nr 4 do uchwa\u0142y Senatu nr 6.22.23<\/a><\/p>\n<p><a href=\"http:\/\/bip.wszuie.pl\/wp-content\/uploads\/2023\/09\/Uchwala-Senatu-nr-7.22.23.pdf\" target=\"_blank\" rel=\"noopener\">Uchwa\u0142a Senatu nr 7.22.23<\/a><\/p>\n<p><a href=\"http:\/\/bip.wszuie.pl\/wp-content\/uploads\/2023\/09\/Uchwala-Senatu-nr-8.22.23-Zmiany-planow-i-programow-studiow-pierwszego-stopnia-na-kierunku-kosmetologia.pdf\" target=\"_blank\" rel=\"noopener\">Uchwa\u0142a Senatu nr 8.22.23<\/a><\/p>\n<p><a href=\"http:\/\/bip.wszuie.pl\/wp-content\/uploads\/2023\/09\/Uchwala-Senatu-nr-9.22.23-Zmiany-planow-i-programow-studiow-drugiego-stopnia-na-kierunku-kosmetologia.pdf\" target=\"_blank\" rel=\"noopener\">Uchwa\u0142a Senatu nr 9.22.23<\/a><\/p>\n<p><a href=\"http:\/\/bip.wszuie.pl\/wp-content\/uploads\/2023\/09\/Uchwala-Senatu-nr-10.22.22-Zmiany-planow-i-programow-studiow-pierwszego-stopnia-na-kierunku-dietetyka.pdf\" target=\"_blank\" rel=\"noopener\">Uchwa\u0142a Senatu nr 10.22.22<\/a><\/p>\n<p><a href=\"http:\/\/bip.wszuie.pl\/wp-content\/uploads\/2023\/09\/Uchwala-Senatu-nr-11.22.23-Zmiany-planow-i-programow-studiow-drugiego-stopnia-na-kierunku-dietetyka.pdf\" target=\"_blank\" rel=\"noopener\">Uchwa\u0142a Senatu nr 11.22.23<\/a><\/p>\n<p><a href=\"http:\/\/bip.wszuie.pl\/wp-content\/uploads\/2023\/09\/Uchwala-Senatu-nr-12.22.23-Regulamin-praktyk-zawodowych-1.pdf\" target=\"_blank\" rel=\"noopener\">Uchwa\u0142a Senatu nr 12.22.23<\/a><\/p>\n<p><a href=\"http:\/\/bip.wszuie.pl\/wp-content\/uploads\/2023\/09\/Zalacznik-nr-1-do-uchwaly-Senatu-nr-12.22.23-Regulamin-praktyk-zawodowych-studia-I-stopnia-kierunek-kosmetologia.pdf\" target=\"_blank\" rel=\"noopener\">Za\u0142\u0105cznik nr 1 do uchwa\u0142y Senatu nr 12.22.23<\/a><\/p>\n<p><a href=\"http:\/\/bip.wszuie.pl\/wp-content\/uploads\/2023\/09\/Zalacznik-nr-2-do-uchwaly-Senatu-nr-12.22.23-Regulamin-praktyk-zawodowych-studia-II-stopnia-kierunek-kosmetologia.pdf\" target=\"_blank\" rel=\"noopener\">Za\u0142\u0105cznik nr 2 do uchwa\u0142y Senatu nr 12.22.23<\/a><\/p>\n<p><a href=\"http:\/\/bip.wszuie.pl\/wp-content\/uploads\/2023\/09\/Zalacznik-nr-3-do-uchwaly-Senatu-nr-12.22.23-Regulamin-praktyk-zawodowych-studia-I-stopnia-kierunek-dietetyka.pdf\" target=\"_blank\" rel=\"noopener\">Za\u0142\u0105cznik nr 3 do uchwa\u0142y Senatu nr 12.22.23<\/a><\/p>\n<p><a href=\"http:\/\/bip.wszuie.pl\/wp-content\/uploads\/2023\/09\/Zalacznik-nr-4-do-uchwaly-Senatu-nr-12.22.23-Regulamin-praktyk-zawodowych-studia-II-stopnia-kierunek-dietetyka.pdf\" target=\"_blank\" rel=\"noopener\">Za\u0142\u0105cznik nr 4 do uchwa\u0142y Senatu nr 12.22.23<\/a><\/p>\n<p><a href=\"http:\/\/bip.wszuie.pl\/wp-content\/uploads\/2023\/09\/Uchwala-Senatu-nr-13.22.23-Regulaminu-studiow-podyplomowych-2.pdf\">Uchwa\u0142a Senatu nr 13.22.23<\/a><\/p>\n<p><a href=\"http:\/\/bip.wszuie.pl\/wp-content\/uploads\/2023\/09\/Zalacznik-nr-1-do-uchwaly-Senatu-nr-13.22.23-Regulamin-studiow-podyplomowych-WSZUiE-2022-zmiany-08.2023.pdf\" target=\"_blank\" rel=\"noopener\">Za\u0142\u0105cznik nr 1 do uchwa\u0142y Senatu nr 13.22.23<\/a><\/p>\n<p>&nbsp;<\/p>\n","protected":false},"excerpt":{"rendered":"<p>Uchwa\u0142a Senatu nr 1.22.23 Uchwa\u0142a Senatu nr 2.22.23 Uchwa\u0142a Senatu nr 3.22.23 Uchwa\u0142a Senatu nr 4.22.23 Uchwa\u0142a Senatu nr 5.21.22 Uchwa\u0142a Senatu nr 6.22.23 Za\u0142\u0105cznik nr 1 do uchwa\u0142y Senatu nr 6.22.23 Za\u0142\u0105cznik nr 2 do uchwa\u0142y Senatu nr 6.22.23 &hellip; <a href=\"https:\/\/bip.wszuie.pl\/?page_id=633\">Czytaj dalej <span class=\"meta-nav\">&rarr;<\/span><\/a><\/p>\n","protected":false},"author":4,"featured_media":0,"parent":252,"menu_order":0,"comment_status":"closed","ping_status":"closed","template":"","meta":[],"_links":{"self":[{"href":"https:\/\/bip.wszuie.pl\/index.php?rest_route=\/wp\/v2\/pages\/633"}],"collection":[{"href":"https:\/\/bip.wszuie.pl\/index.php?rest_route=\/wp\/v2\/pages"}],"about":[{"href":"https:\/\/bip.wszuie.pl\/index.php?rest_route=\/wp\/v2\/types\/page"}],"author":[{"embeddable":true,"href":"https:\/\/bip.wszuie.pl\/index.php?rest_route=\/wp\/v2\/users\/4"}],"replies":[{"embeddable":true,"href":"https:\/\/bip.wszuie.pl\/index.php?rest_route=%2Fwp%2Fv2%2Fcomments&post=633"}],"version-history":[{"count":10,"href":"https:\/\/bip.wszuie.pl\/index.php?rest_route=\/wp\/v2\/pages\/633\/revisions"}],"predecessor-version":[{"id":774,"href":"https:\/\/bip.wszuie.pl\/index.php?rest_route=\/wp\/v2\/pages\/633\/revisions\/774"}],"up":[{"embeddable":true,"href":"https:\/\/bip.wszuie.pl\/index.php?rest_route=\/wp\/v2\/pages\/252"}],"wp:attachment":[{"href":"https:\/\/bip.wszuie.pl\/index.php?rest_route=%2Fwp%2Fv2%2Fmedia&parent=633"}],"curies":[{"name":"wp","href":"https:\/\/api.w.org\/{rel}","templated":true}]}}