{"id":544,"date":"2022-06-21T07:08:23","date_gmt":"2022-06-21T07:08:23","guid":{"rendered":"https:\/\/bip.wszuie.pl\/?page_id=544"},"modified":"2024-04-05T09:37:36","modified_gmt":"2024-04-05T09:37:36","slug":"ocena-programowa","status":"publish","type":"page","link":"https:\/\/bip.wszuie.pl\/?page_id=544","title":{"rendered":"Ocena programowa"},"content":{"rendered":"<p><a href=\"http:\/\/bip.wszuie.pl\/wp-content\/uploads\/2024\/04\/Uchwala-PKA-Pozytywna-ocena.pdf\" target=\"_blank\" rel=\"noopener\">Uchwa\u0142a nr 150\/2024 Prezydium Polskiej Komisji Akredytacyjnej z dnia 21 marca 2024 r.<\/a><\/p>\n<p><a href=\"http:\/\/bip.wszuie.pl\/wp-content\/uploads\/2024\/03\/Raport-zespolu-oceniajacego-PKA.pdf\">Raport zespo\u0142u oceniaj\u0105cego PKA<\/a> -2024<\/p>\n<p><a href=\"http:\/\/bip.wszuie.pl\/wp-content\/uploads\/2023\/11\/Raport-samooceny-Wyzszej-Szkoly-Zdrowia-Urody-i-Edukacji-w-Poznaniu.pdf\" target=\"_blank\" rel=\"noopener\">Raport samooceny Wy\u017cszej Szko\u0142y Zdrowia, Urody i Edukacji w Poznaniu<\/a> &#8211; 2023<\/p>\n<p><a href=\"http:\/\/bip.wszuie.pl\/wp-content\/uploads\/2022\/06\/2021_raport_kosmetologia_WSZUiE_Poznan.pdf\" target=\"_blank\" rel=\"noopener\">Raport zespo\u0142u oceniaj\u0105cego Polskiej Komisji Akredytacyjnej &#8211; 2021<\/a><\/p>\n<p><a href=\"http:\/\/bip.wszuie.pl\/wp-content\/uploads\/2022\/06\/odp.na_.raport.WSZUiE.Poznan.kosmet.pdf\">Odpowied\u017a WSZUiE na raport Zespo\u0142u Oceniaj\u0105cego Polskiej Komisji Akredytacyjnej<\/a><\/p>\n<p><a href=\"http:\/\/bip.wszuie.pl\/wp-content\/uploads\/2022\/06\/200.WSZUiE.Poznan.oc_.prog_.kosmet.uchwala.pdf\">Uchwa\u0142a nr 200\/2022 Prezydium Polskiej Komisji Akredytacyjnej z dnia 7 kwietnia 2022 r.<\/a><\/p>\n<p><a href=\"http:\/\/bip.wszuie.pl\/wp-content\/uploads\/2023\/11\/Raport-samooceny-ocena-programowa-kosmetologia-WSZUiE-w-Poznaniu.pdf\" target=\"_blank\" rel=\"noopener\">Raport samooceny &#8211; ocena programowa kosmetologia WSZUiE w Poznaniu &#8211; 2021<\/a><\/p>\n","protected":false},"excerpt":{"rendered":"<p>Uchwa\u0142a nr 150\/2024 Prezydium Polskiej Komisji Akredytacyjnej z dnia 21 marca 2024 r. Raport zespo\u0142u oceniaj\u0105cego PKA -2024 Raport samooceny Wy\u017cszej Szko\u0142y Zdrowia, Urody i Edukacji w Poznaniu &#8211; 2023 Raport zespo\u0142u oceniaj\u0105cego Polskiej Komisji Akredytacyjnej &#8211; 2021 Odpowied\u017a WSZUiE &hellip; <a href=\"https:\/\/bip.wszuie.pl\/?page_id=544\">Czytaj dalej <span class=\"meta-nav\">&rarr;<\/span><\/a><\/p>\n","protected":false},"author":4,"featured_media":0,"parent":0,"menu_order":5,"comment_status":"closed","ping_status":"closed","template":"","meta":[],"_links":{"self":[{"href":"https:\/\/bip.wszuie.pl\/index.php?rest_route=\/wp\/v2\/pages\/544"}],"collection":[{"href":"https:\/\/bip.wszuie.pl\/index.php?rest_route=\/wp\/v2\/pages"}],"about":[{"href":"https:\/\/bip.wszuie.pl\/index.php?rest_route=\/wp\/v2\/types\/page"}],"author":[{"embeddable":true,"href":"https:\/\/bip.wszuie.pl\/index.php?rest_route=\/wp\/v2\/users\/4"}],"replies":[{"embeddable":true,"href":"https:\/\/bip.wszuie.pl\/index.php?rest_route=%2Fwp%2Fv2%2Fcomments&post=544"}],"version-history":[{"count":9,"href":"https:\/\/bip.wszuie.pl\/index.php?rest_route=\/wp\/v2\/pages\/544\/revisions"}],"predecessor-version":[{"id":791,"href":"https:\/\/bip.wszuie.pl\/index.php?rest_route=\/wp\/v2\/pages\/544\/revisions\/791"}],"wp:attachment":[{"href":"https:\/\/bip.wszuie.pl\/index.php?rest_route=%2Fwp%2Fv2%2Fmedia&parent=544"}],"curies":[{"name":"wp","href":"https:\/\/api.w.org\/{rel}","templated":true}]}}