{"id":48,"date":"2021-02-26T10:26:31","date_gmt":"2021-02-26T10:26:31","guid":{"rendered":"http:\/\/bip.wszuie.pl\/?page_id=48"},"modified":"2021-02-26T10:57:59","modified_gmt":"2021-02-26T10:57:59","slug":"zakonczone-postepowanie-zo1-2020","status":"publish","type":"page","link":"https:\/\/bip.wszuie.pl\/?page_id=48","title":{"rendered":"Zako\u0144czone Post\u0119powanie &#8211; ZO1\/2020"},"content":{"rendered":"\n<p><strong>Opis<\/strong><\/p>\n\n\n\n<p>W ramach zadania zrealizowany zostanie monta\u017c windy w budynku, dzi\u0119ki czemu osi\u0105gni\u0119ty zostanie jeden cel\u00f3w szczeg\u00f3\u0142owych przedsi\u0119wzi\u0119cia jakim jest niwelacja barier architektonicznych i komunikacyjnych. Budynek uczelni posiada 4 kondygnacje, laboratoria oraz sale \u0107wiczeniowe i wyk\u0142adowe znajduj\u0105 si\u0119 na poziomach 0 \u2013 3, biuro pe\u0142nomocnika rektora ds. os\u00f3b niepe\u0142nosprawnych znajduje si\u0119 na 1 pi\u0119trze. Brak windy jest kluczow\u0105 barier\u0105 dost\u0119pno\u015bci dla os\u00f3b z problemami w swobodnym przemieszczaniu si\u0119.<\/p>\n\n\n\n<p>1 Typ: D\u017awig osobowy, elektryczny, nowy,<br>2 Ud\u017awig nominalny: 535 kg \/ 7 os\u00f3b<br>3 Wysoko\u015b\u0107 podnoszenia: ~13 m<br>4 Pr\u0119dko\u015b\u0107 nominalna \u2013 1,0 m\/s<br>5 Typ sterowania \u2013 1KS (sterowanie zbiorcze g\u00f3ra-d\u00f3\u0142)<br>6 Liczba przystank\u00f3w \u2013 4<br>7 Liczba wej\u015b\u0107 do kabiny \u2013 1 (kabina bez przelotu)<br>8 Liczba doj\u015b\u0107 \u2013 4<br>9 Typ nap\u0119du: Bezprzek\u0142adniowy, regulowany cz\u0119stotliwo\u015bciowo<br>10 Liczba start\u00f3w na godzin\u0119: 180<br>11 Maszynownia: Bez maszynowni, nap\u0119d i sterowanie umieszczone w szybie<br>12 Ci\u0119gna no\u015bne: Pasy \u2013 z certyfikatem \u017cywotno\u015bci minimum 15 lat.<br>13 Moc silnika: max 3,6 kW<br>14 Zasilanie g\u0142\u00f3wne d\u017awigu: 400 V, 50 Hz (Do zada\u0144 wykonawcy b\u0119dzie nale\u017ca\u0142o doprowadzenie zasilania do szafy sterowej)<br>15 Zasilanie o\u015bwietlenia: 230 V, 50 Hz<br>16 Szyb: Stalowy, nowy ze stali czarnej malowanej. Konstrukcja skr\u0119cana z profila zimno-gi\u0119tego. Konstrukcja dostosowana do windy.(obejmuje niezb\u0119dne \u0142apy, mocowania itp.) \u2022 Zabudowa z czterech stron szybu windowego. Zabudowa wykonana przy pomocy systemu okiennego \u201ezimnego\u201d. \u2022 Zabudowa szybu windowego przy zastosowaniu szk\u0142a laminowanego 44.2. Szk\u0142o osadzone pomi\u0119dzy profilami konstrukcji szybu windowego w ramkach systemu Aluprof MB45 \u2022 Konstrukcja dosuni\u0119ta do \u015bciany budynku<br>17 Szeroko\u015b\u0107 kabiny: Min 1200 mm<br>18 G\u0142\u0119boko\u015b\u0107 kabiny: Min 1170 mm<br>19 Wysoko\u015b\u0107 kabiny: 2100 mm<br>20 Szeroko\u015b\u0107 drzwi: 900 mm<br>21 Wysoko\u015b\u0107 drzwi: 2000 mm<br>22 Typ drzwi: Teleskopowe, dwupanelowe<br>23 Wyko\u0144czenie drzwi szybowych: Stal nierdzewna szczotkowana<br>24 Wytrzyma\u0142o\u015b\u0107 ogniowa drzwi szybowych): E120<br>25 Drzwi kabinowe i front kabiny: Stal nierdzewna szczotkowana<br>26 Zabezpieczenie drzwi kabinowych: Kurtyna \u015bwietlna na pe\u0142n\u0105 wysoko\u015b\u0107 drzwi 36 pionowa<br>27 \u015aciany boczne kabiny: Laminat (po\u0142ysk, odcie\u0144 koloru bia\u0142ego)<br>28 \u015aciana tylna kabiny: Przeszklona<br>29 Pod\u0142oga: Ok\u0142adzina antypo\u015blizgowa, sztuczny granit w kolorze szarym<br>30 Coko\u0142y: Proste aluminium<br>31 Sufit: Stal nierdzewna szczotkowana<br>32 O\u015bwietlenie: O\u015bwietlenie energooszcz\u0119dne LED, po\u015brednie rozproszone, odporne na wstrz\u0105sy, o\u015bwietlenie awaryjne<br>33 Panel operacyjny: Stal nierdzewna, przyciski mechaniczne, oznaczenie Braille\u2019a<br>34 Lustro: Na wysoko\u015bci g\u00f3rnej po\u0142owy \u015bciany bocznej, szeroko\u015b\u0107 600mm<br>35 Por\u0119cz: Stal nierdzewna szczotkowana, na \u015bcianie tylnej i bocznej 2szt.<br>36 Kaseta wezwa\u0144: Tabliczka informacyjna z numerem fabrycznym i dat\u0105 produkcji w kabinie. Pionowy wy\u015bwietlacz w osobnej kasecie. Strza\u0142ki dalszego kierunku jazdy kabiny (gong). Stal nierdzewna, przyciski mechaniczne.<br>37 Po\u0142o\u017cenie kaset wezwa\u0144: W o\u015bcie\u017cnicy<br>38 Po\u0142o\u017cenie wy\u015bwietlacza: W o\u015bcie\u017cnicy<br>39 Wentylacja: Usprawnienie wentylacji grawitacyjnej<br>40 Aparatura sterowa (szafa sterowa): Mikroprocesorowa z falownikiem, wyposa\u017cenie elektryczne. Szafa sterowa w o\u015bcie\u017cnicy drzwi szybowych<br>41 Zasilanie: 3\u00d7400\/230V, 50Hz<br>42 O\u015bwietlenie szybu: tak, zgodnie z norm\u0105 PN-EN 81.1<br>43 Sterowanie: 1) automatyczna ewakuacja do najbli\u017cszego przystanku w wyniku braku napi\u0119cia, 2) automatyczny powr\u00f3t na przystanek podstawowy, 3) sterowanie po\u017carowe<br>44 Typ sterowania po\u017carowego: Sterowanie po\u017carowe (zjazd do przystanku podstawowego i otwarcie drzwi) \u2013 wymaga doprowadzenia sygna\u0142u po\u017carowego (lub kluczyk)<br>45 Opcje komunikacji: P\u0119tla indukcyjna dla os\u00f3b niedos\u0142ysz\u0105cych, Informacja g\u0142osowa w kabinie<br>46 \u0141\u0105czno\u015b\u0107: GSM system powiadamiania ekip ratowniczych, zgodny z PNEN81-28, zdalny monitoring d\u017awigu, zapewniaj\u0105cy ci\u0105g\u0142\u0105 diagnostyk\u0119 d\u017awigu, dost\u0119p do panelu serwisowego za pomoc\u0105 przegl\u0105darki internetowej oraz aplikacji telefonicznej, daj\u0105cy mo\u017cliwo\u015b\u0107 wgl\u0105du w stan oraz histori\u0119 danego urz\u0105dzenia oraz pe\u0142n\u0105 kontrol\u0119 nad statusem realizacji zg\u0142osze\u0144 serwisowych.<\/p>\n\n\n\n<p><strong>Okres gwarancji<\/strong><\/p>\n\n\n\n<p>60 miesi\u0119cy<\/p>\n\n\n\n<p><strong>Kody CPV<\/strong><\/p>\n\n\n\n<p>45313100-5 Instalowanie wind<\/p>\n\n\n\n<p><strong>Miejsca realizacji<\/strong><\/p>\n\n\n\n<p>Pozna\u0144<\/p>\n\n\n\n<h3>Warunki, jakie musi spe\u0142nia\u0107 oferent<\/h3>\n\n\n\n<p>Typ<\/p>\n\n\n\n<p>Uprawnienia do wykonywania okre\u015blonej dzia\u0142alno\u015bci lub czynno\u015bci<\/p>\n\n\n\n<p>Opis<\/p>\n\n\n\n<p>Zamawiaj\u0105cy uzna, \u017ce warunek zosta\u0142 spe\u0142niony na podstawie o\u015bwiadczenia, stanowi\u0105cego za\u0142\u0105cznik nr 2 do Zapytania Ofertowego.<\/p>\n\n\n\n<p>Typ<\/p>\n\n\n\n<p>Potencja\u0142 techniczny<\/p>\n\n\n\n<p>Opis<\/p>\n\n\n\n<p>Zamawiaj\u0105cy uzna, \u017ce warunek zosta\u0142 spe\u0142niony na podstawie o\u015bwiadczenia, stanowi\u0105cego za\u0142\u0105cznik nr 2 do Zapytania Ofertowego.<\/p>\n\n\n\n<p>Typ<\/p>\n\n\n\n<p>Wiedza i do\u015bwiadczenie<\/p>\n\n\n\n<p>Opis<\/p>\n\n\n\n<p>Wykonawca musi spe\u0142nia\u0107 warunek okre\u015blony w art. 22 ust. 1 pkt. 1 ustawy Prawo zam\u00f3wie\u0144 publicznych oraz wykaza\u0107 z w okresie 3 lat przed wszcz\u0119ciem post\u0119powania, a je\u017celi okres prowadzenia dzia\u0142alno\u015bci jest kr\u00f3tszy, to w tym okresie, wykona\u0142 nale\u017cycie co najmniej 3 us\u0142ugi odpowiadaj\u0105ce rodzajem Przedmiotowi Zam\u00f3wienia. Zamawiaj\u0105cy przyjmuje jako potwierdzenie nale\u017cytego wykonania us\u0142ugi list referencyjny lub kopie bezusterkowego ko\u0144cowego protoko\u0142u odbioru. Referencja musi dotyczy\u0107 windy o takim samym lub wi\u0119kszym ud\u017awigu. Zamawiaj\u0105cy uzna, \u017ce warunek zosta\u0142 spe\u0142niony na podstawie o\u015bwiadczenia, stanowi\u0105cego za\u0142\u0105cznik nr 2 do Zapytania Ofertowego. Dodatkowo warunek posiadania wiedzy i do\u015bwiadczenie zostanie uznany za spe\u0142niony na podstawie za\u0142\u0105cznika nr 3 do Zapytania Ofertowego.<\/p>\n\n\n\n<p>Typ<\/p>\n\n\n\n<p>Sytuacja ekonomiczna i finansowa<\/p>\n\n\n\n<p>Opis<\/p>\n\n\n\n<p>Zamawiaj\u0105cy uzna, \u017ce warunek zosta\u0142 spe\u0142niony na podstawie o\u015bwiadczenia, stanowi\u0105cego za\u0142\u0105cznik nr 2 do Zapytania Ofertowego.<\/p>\n\n\n\n<p>Typ<\/p>\n\n\n\n<p>Dodatkowe warunki udzia\u0142u<\/p>\n\n\n\n<p>Opis<\/p>\n\n\n\n<p>Z udzia\u0142u w Zam\u00f3wienia wykluczeni s\u0105 Wykonawcy powi\u0105zani osobowo lub kapita\u0142owo z Zamawiaj\u0105cym. W celu potwierdzenia istnienia przedmiotowych powi\u0105za\u0144, lub ich braku, Wykonawca zobowi\u0105zany jest do z\u0142o\u017cenia o\u015bwiadczenia, stanowi\u0105cego za\u0142\u0105cznik nr 4 do Zapytania Ofertowego.<\/p>\n\n\n\n<p><strong>Czy kryterium cenowe<\/strong><\/p>\n\n\n\n<p>TAK<\/p>\n\n\n\n<p>Opis<\/p>\n\n\n\n<p>Cena brutto: waga kryterium 100% \u2013 maksymalnie 100 punkt\u00f3w.<\/p>\n\n\n\n<p>Punkty b\u0119d\u0105 liczone wg wzoru:<\/p>\n\n\n\n<p>najni\u017csza cena oferty<\/p>\n\n\n\n<p>Cof = \u2014\u2014\u2014\u2014\u2014\u2014\u2014\u2014\u2014\u2014\u2014- x 100 pkt<\/p>\n\n\n\n<p>cena oferty badanej<\/p>\n\n\n\n<p>Za najkorzystniejsz\u0105 zostanie uznana oferta z najwi\u0119ksz\u0105 liczb\u0105 punkt\u00f3w.<\/p>\n\n\n\n<div class=\"wp-block-file\"><a href=\"https:\/\/bip.wszuie.pl\/wp-content\/uploads\/2021\/02\/protokol-z-postepowania-o-udzielenie-zamowienia.pdf\">protokol-z-postepowania-o-udzielenie-zamowienia<\/a><a href=\"https:\/\/bip.wszuie.pl\/wp-content\/uploads\/2021\/02\/protokol-z-postepowania-o-udzielenie-zamowienia.pdf\" class=\"wp-block-file__button\" download>Pobierz<\/a><\/div>\n\n\n\n<div class=\"wp-block-file\"><a href=\"https:\/\/bip.wszuie.pl\/wp-content\/uploads\/2021\/02\/zapytanie-ofertowe.pdf\">zapytanie-ofertowe<\/a><a href=\"https:\/\/bip.wszuie.pl\/wp-content\/uploads\/2021\/02\/zapytanie-ofertowe.pdf\" class=\"wp-block-file__button\" download>Pobierz<\/a><\/div>\n\n\n\n<div class=\"wp-block-file\"><a href=\"https:\/\/bip.wszuie.pl\/wp-content\/uploads\/2021\/02\/zawiadomienie-o-wyborze-oferty.pdf\">zawiadomienie-o-wyborze-oferty<\/a><a href=\"https:\/\/bip.wszuie.pl\/wp-content\/uploads\/2021\/02\/zawiadomienie-o-wyborze-oferty.pdf\" class=\"wp-block-file__button\" download>Pobierz<\/a><\/div>\n\n\n\n<div class=\"wp-block-file\"><a href=\"https:\/\/bip.wszuie.pl\/wp-content\/uploads\/2021\/02\/Zapytanie-ofertowe_dzwig-osobowy-2020.09.11_zalaczniki-do-edycji.docx\">Zapytanie-ofertowe_dzwig-osobowy-2020.09.11_zalaczniki-do-edycji<\/a><a href=\"https:\/\/bip.wszuie.pl\/wp-content\/uploads\/2021\/02\/Zapytanie-ofertowe_dzwig-osobowy-2020.09.11_zalaczniki-do-edycji.docx\" class=\"wp-block-file__button\" download>Pobierz<\/a><\/div>\n","protected":false},"excerpt":{"rendered":"<p>Opis W ramach zadania zrealizowany zostanie monta\u017c windy w budynku, dzi\u0119ki czemu osi\u0105gni\u0119ty zostanie jeden cel\u00f3w szczeg\u00f3\u0142owych przedsi\u0119wzi\u0119cia jakim jest niwelacja barier architektonicznych i komunikacyjnych. Budynek uczelni posiada 4 kondygnacje, laboratoria oraz sale \u0107wiczeniowe i wyk\u0142adowe znajduj\u0105 si\u0119 na poziomach &hellip; <a href=\"https:\/\/bip.wszuie.pl\/?page_id=48\">Czytaj dalej <span class=\"meta-nav\">&rarr;<\/span><\/a><\/p>\n","protected":false},"author":2,"featured_media":0,"parent":44,"menu_order":0,"comment_status":"closed","ping_status":"closed","template":"onecolumn-page.php","meta":[],"_links":{"self":[{"href":"https:\/\/bip.wszuie.pl\/index.php?rest_route=\/wp\/v2\/pages\/48"}],"collection":[{"href":"https:\/\/bip.wszuie.pl\/index.php?rest_route=\/wp\/v2\/pages"}],"about":[{"href":"https:\/\/bip.wszuie.pl\/index.php?rest_route=\/wp\/v2\/types\/page"}],"author":[{"embeddable":true,"href":"https:\/\/bip.wszuie.pl\/index.php?rest_route=\/wp\/v2\/users\/2"}],"replies":[{"embeddable":true,"href":"https:\/\/bip.wszuie.pl\/index.php?rest_route=%2Fwp%2Fv2%2Fcomments&post=48"}],"version-history":[{"count":1,"href":"https:\/\/bip.wszuie.pl\/index.php?rest_route=\/wp\/v2\/pages\/48\/revisions"}],"predecessor-version":[{"id":53,"href":"https:\/\/bip.wszuie.pl\/index.php?rest_route=\/wp\/v2\/pages\/48\/revisions\/53"}],"up":[{"embeddable":true,"href":"https:\/\/bip.wszuie.pl\/index.php?rest_route=\/wp\/v2\/pages\/44"}],"wp:attachment":[{"href":"https:\/\/bip.wszuie.pl\/index.php?rest_route=%2Fwp%2Fv2%2Fmedia&parent=48"}],"curies":[{"name":"wp","href":"https:\/\/api.w.org\/{rel}","templated":true}]}}