{"id":46,"date":"2021-02-26T10:18:09","date_gmt":"2021-02-26T10:18:09","guid":{"rendered":"http:\/\/bip.wszuie.pl\/?page_id=46"},"modified":"2021-02-26T10:57:53","modified_gmt":"2021-02-26T10:57:53","slug":"trwajace-projekty","status":"publish","type":"page","link":"https:\/\/bip.wszuie.pl\/?page_id=46","title":{"rendered":"Trwaj\u0105ce Projekty"},"content":{"rendered":"\n<p><strong>Tytu\u0142 projektu:<\/strong>&nbsp;\u201eProgram wprowadzenia podstaw dost\u0119pno\u015bci edukacyjnej w Wy\u017cszej Szkole Zdrowia, Urody i Edukacji dla os\u00f3b z Niepe\u0142nosprawno\u015bciami\u201d<\/p>\n\n\n\n<p><strong>Program finansowania:<\/strong>&nbsp;Program Operacyjny Wiedza Edukacja Rozw\u00f3j, O\u015b III. Szkolnictwo wy\u017csze dla gospodarki i rozwoju, Dzia\u0142anie 3.5 Kompleksowe programy szk\u00f3\u0142 wy\u017cszych<\/p>\n\n\n\n<p><strong>Instytucja finansuj\u0105ca:<\/strong>&nbsp;Narodowe Centrum Bada\u0144 i Rozwoju<\/p>\n\n\n\n<p><strong>Okres realizacji projektu:<\/strong>&nbsp;od: 2020-01-13 do: 2022-01-12<\/p>\n\n\n\n<p><strong>Ca\u0142kowita warto\u015b\u0107 projektu:<\/strong>&nbsp;999 729,90 z\u0142<\/p>\n\n\n\n<p><strong>Warto\u015b\u0107 dofinansowania:<\/strong>&nbsp;968 625,90 z\u0142<\/p>\n\n\n\n<p><strong>Beneficjent projektu:<\/strong>&nbsp;Wy\u017csza Szko\u0142a Zdrowia Urody i Edukacji w Poznaniu<\/p>\n\n\n\n<p><strong>Cel projektu:<\/strong><\/p>\n\n\n\n<p>Celem projektu jest wprowadzenie na uczelni zmian maj\u0105cych na celu zniesienie, b\u0105d\u017a znaczne ograniczenie barier utrudniaj\u0105cych osobom niepe\u0142nosprawnym uczestnictwo w procesie kszta\u0142cenia w pe\u0142nym wymiarze. Rozwi\u0105zania proponowane we wniosku maj\u0105 obj\u0105\u0107 zar\u00f3wno udogodnienia architektoniczne, likwiduj\u0105ce bariery dost\u0119pno\u015bci, jak i rozwi\u0105zania zwi\u0105zane z dostosowaniem procesu dydaktycznego oraz obs\u0142ugi student\u00f3w z r\u00f3\u017cnymi typami niepe\u0142nosprawno\u015bci. W ramach projektu planowane s\u0105 niwelacje barier architektonicznych: monta\u017c windy zapewniaj\u0105cej dost\u0119p do wszystkich kondygnacji w budynku uczelni, dostosowanie do potrzeb OzN systemu obs\u0142ugi student\u00f3w, obs\u0142ugi toku studi\u00f3w, procesu rekrutacji oraz obs\u0142ugi obiegu prac dyplomowych. Wprowadzone zostan\u0105 r\u00f3wnie\u017c zmiany administracyjno-proceduralne, wprowadzaj\u0105ce jasne regu\u0142y wsparcia, zapewniaj\u0105ce osobom niepe\u0142nosprawnym r\u00f3wnoprawny status z pozosta\u0142ymi cz\u0142onkami spo\u0142eczno\u015bci akademickiej. Kana\u0142y komunikacji ze studentami zostan\u0105 dostosowane do standard\u00f3w WCAG 2.0. Grup\u0105 docelow\u0105 projektu jest uczelnia oraz kadra zarz\u0105dzaj\u0105ca, dydaktyczna i administracyjna uczelni. Przedstawiciele grupy docelowej nab\u0119d\u0105 w ramach projektu kompetencje zwi\u0105zane z aktywnym w\u0142\u0105czaniem os\u00f3b niepe\u0142nosprawnych do spo\u0142eczno\u015bci akademickiej i dostosowaniem instytucjonalnym uczelni do potrzeb tych os\u00f3b. W wyniku realizacji projektu uczelnia osi\u0105gnie minimalny poziom dostosowana do potrzeb os\u00f3b niepe\u0142nosprawnych, zgodnie z definicj\u0105 zawart\u0105 w Modelach wsparcia uczelni w celu zwi\u0119kszenia ich dost\u0119pno\u015bci dla os\u00f3b z niepe\u0142nosprawno\u015bciami.<\/p>\n\n\n\n<p>Kierownik projektu: Piotr Skrzypczak<br>Specjalista ds. obs\u0142ugi projektu: Paula Chmielewska<br>Specjalista ds. rozlicze\u0144: Krzysztof Hypki<br>Specjalista Ds. Wdro\u017ce\u0144 informatycznych: Bart\u0142omiej Skibicki<br>Pe\u0142nomocnik rektora ds os\u00f3b niepe\u0142nosprawnych: Justyna Ja\u015bkowiak \u2013 dy\u017cury: \u015broda w godz. 9:00 \u2013 12:00 w sekretariacie pok. 101<\/p>\n","protected":false},"excerpt":{"rendered":"<p>Tytu\u0142 projektu:&nbsp;\u201eProgram wprowadzenia podstaw dost\u0119pno\u015bci edukacyjnej w Wy\u017cszej Szkole Zdrowia, Urody i Edukacji dla os\u00f3b z Niepe\u0142nosprawno\u015bciami\u201d Program finansowania:&nbsp;Program Operacyjny Wiedza Edukacja Rozw\u00f3j, O\u015b III. Szkolnictwo wy\u017csze dla gospodarki i rozwoju, Dzia\u0142anie 3.5 Kompleksowe programy szk\u00f3\u0142 wy\u017cszych Instytucja finansuj\u0105ca:&nbsp;Narodowe Centrum &hellip; <a href=\"https:\/\/bip.wszuie.pl\/?page_id=46\">Czytaj dalej <span class=\"meta-nav\">&rarr;<\/span><\/a><\/p>\n","protected":false},"author":2,"featured_media":0,"parent":44,"menu_order":0,"comment_status":"closed","ping_status":"closed","template":"onecolumn-page.php","meta":[],"_links":{"self":[{"href":"https:\/\/bip.wszuie.pl\/index.php?rest_route=\/wp\/v2\/pages\/46"}],"collection":[{"href":"https:\/\/bip.wszuie.pl\/index.php?rest_route=\/wp\/v2\/pages"}],"about":[{"href":"https:\/\/bip.wszuie.pl\/index.php?rest_route=\/wp\/v2\/types\/page"}],"author":[{"embeddable":true,"href":"https:\/\/bip.wszuie.pl\/index.php?rest_route=\/wp\/v2\/users\/2"}],"replies":[{"embeddable":true,"href":"https:\/\/bip.wszuie.pl\/index.php?rest_route=%2Fwp%2Fv2%2Fcomments&post=46"}],"version-history":[{"count":1,"href":"https:\/\/bip.wszuie.pl\/index.php?rest_route=\/wp\/v2\/pages\/46\/revisions"}],"predecessor-version":[{"id":47,"href":"https:\/\/bip.wszuie.pl\/index.php?rest_route=\/wp\/v2\/pages\/46\/revisions\/47"}],"up":[{"embeddable":true,"href":"https:\/\/bip.wszuie.pl\/index.php?rest_route=\/wp\/v2\/pages\/44"}],"wp:attachment":[{"href":"https:\/\/bip.wszuie.pl\/index.php?rest_route=%2Fwp%2Fv2%2Fmedia&parent=46"}],"curies":[{"name":"wp","href":"https:\/\/api.w.org\/{rel}","templated":true}]}}