{"id":376,"date":"2021-11-05T14:29:47","date_gmt":"2021-11-05T14:29:47","guid":{"rendered":"https:\/\/bip.wszuie.pl\/?page_id=376"},"modified":"2023-09-27T09:22:48","modified_gmt":"2023-09-27T09:22:48","slug":"uchwaly-senatu-rok-akademicki-2021-2022","status":"publish","type":"page","link":"https:\/\/bip.wszuie.pl\/?page_id=376","title":{"rendered":"Uchwa\u0142y Senatu \u2013 rok akademicki 2021\/2022"},"content":{"rendered":"<p><span style=\"text-decoration: underline;\"><span style=\"color: #000080; text-decoration: underline;\"><a href=\"http:\/\/bip.wszuie.pl\/wp-content\/uploads\/2023\/09\/Uchwala-Senatu-nr-1.21.22-1.pdf\">Uchwa\u0142a Senatu nr 1.21.22<\/a><\/span><\/span><\/p>\n<p><span style=\"color: #000080;\"><a href=\"http:\/\/bip.wszuie.pl\/wp-content\/uploads\/2021\/11\/Uchwala-Senatu-nr-2.21.22.pdf\" style=\"color: #000080;\">Uchwa\u0142a Senatu nr 2.21.22<\/a><\/span><\/p>\n<p><span style=\"color: #000080;\"><a href=\"http:\/\/bip.wszuie.pl\/wp-content\/uploads\/2021\/11\/Uchwala-Senatu-nr-3_21_22.pdf\" style=\"color: #000080;\">Uchwa\u0142a Senatu nr 3.21.22<\/a><\/span><\/p>\n<p><span style=\"color: #000080;\"><a href=\"http:\/\/bip.wszuie.pl\/wp-content\/uploads\/2021\/11\/Uchwala-Senatu-nr-4.21.22.pdf\" style=\"color: #000080;\">Uchwa\u0142a Senatu nr 4.21.22<\/a><\/span><\/p>\n<p><span style=\"color: #000080;\"><a href=\"http:\/\/bip.wszuie.pl\/wp-content\/uploads\/2021\/11\/Zalacznik-1-do-Uchwaly-Senatu-nr-4.21.22-Regulamin-egzaminow-specjalnosciowych-na-kierunku-Kosmetologia-studia-I-stopnia.pdf\" style=\"color: #000080;\">Za\u0142\u0105cznik 1 do Uchwa\u0142y Senatu nr 4.21.22<\/a><\/span><\/p>\n<p><span style=\"color: #000080;\"><a href=\"http:\/\/bip.wszuie.pl\/wp-content\/uploads\/2021\/11\/Uchwala-Senatu-nr-5.21.22.pdf\" style=\"color: #000080;\">Uchwa\u0142a Senatu nr 5.21.22<\/a><\/span><\/p>\n<p><span style=\"color: #000080;\"><a href=\"http:\/\/bip.wszuie.pl\/wp-content\/uploads\/2021\/11\/Zalacznik-1-do-Uchwaly-Senatu-nr-5.21.22-Regulamin-egzaminu-dyplomowego-na-kierunku-Kosmetologia-studia-I-stopnia.pdf\" style=\"color: #000080;\">Za\u0142\u0105cznik 1 do Uchwa\u0142y Senatu nr 5.21.22<\/a><\/span><\/p>\n<p><span style=\"color: #000080;\"><a href=\"http:\/\/bip.wszuie.pl\/wp-content\/uploads\/2021\/11\/Uchwala-Senatu-nr-6.21.22.pdf\" style=\"color: #000080;\">Uchwa\u0142a Senatu nr 6.21.22<\/a><\/span><\/p>\n<p><span style=\"color: #000080;\"><a href=\"http:\/\/bip.wszuie.pl\/wp-content\/uploads\/2022\/06\/Zalacznik-1-do-Uchwaly-Senatu-nr-6.21.22-Regulamin-egazminu-dyplomowego-na-kierunku-dietetyka-studia-I-stponia-1.pdf\" target=\"_blank\" style=\"color: #000080;\" rel=\"noopener\">Za\u0142\u0105cznik 1 do Uchwa\u0142y Senatu nr 6.21.22 <\/a><\/span><\/p>\n<p><span style=\"color: #000080;\"><a href=\"http:\/\/bip.wszuie.pl\/wp-content\/uploads\/2021\/11\/Uchwala-Senatu-nr-7.21.22.pdf\" style=\"color: #000080;\">Uchwa\u0142a Senatu nr 7.21.22<\/a><\/span><\/p>\n<p><span style=\"color: #000080;\"><a href=\"http:\/\/bip.wszuie.pl\/wp-content\/uploads\/2021\/11\/Zalacznik-1-do-Uchwaly-Senatu-nr-7.21.22-Regulamin-przeprowadzania-egzaminow-dyplomowych-na-studiach-drugiego-stopnia.pdf\" style=\"color: #000080;\">Za\u0142\u0105cznik 1 do Uchwa\u0142y Senatu nr 7.21.22<\/a><\/span><\/p>\n<p><span style=\"color: #000080;\"><a href=\"http:\/\/bip.wszuie.pl\/wp-content\/uploads\/2021\/11\/Uchwala-Senatu-nr-8.21.22.pdf\" style=\"color: #000080;\">Uchwa\u0142a Senatu nr 8.21.22<\/a><\/span><\/p>\n<p><span style=\"color: #000080;\"><a href=\"http:\/\/bip.wszuie.pl\/wp-content\/uploads\/2021\/11\/Uchwala-Senatu-nr-9.21.22.pdf\" style=\"color: #000080;\">Uchwa\u0142a Senatu nr 9.21.22<\/a><\/span><\/p>\n<p><span style=\"color: #000080;\"><a href=\"http:\/\/bip.wszuie.pl\/wp-content\/uploads\/2021\/11\/Zalacznik-1-do-Uchwaly-Senatu-nr-9.21.22-Regulamin-przeprowadzania-egzaminow-dyplomowych-na-studiach-drugiego-stopnia.pdf\" style=\"color: #000080;\">Za\u0142\u0105cznik 1 do Uchwa\u0142y Senatu nr 9.21.22<\/a><\/span><\/p>\n<p><span style=\"color: #000080;\"><a href=\"http:\/\/bip.wszuie.pl\/wp-content\/uploads\/2021\/11\/Uchwala-Senatu-nr-10.21.22.pdf\" style=\"color: #000080;\">Uchwa\u0142a Senatu nr 10.21.22<\/a><\/span><\/p>\n<p><span style=\"color: #000080;\"><a href=\"http:\/\/bip.wszuie.pl\/wp-content\/uploads\/2022\/02\/Uchwala-Senatu-nr-11.21.22-1.pdf\" style=\"color: #000080;\">Uchwa\u0142a Senatu nr 11.21.22<\/a><\/span><\/p>\n<p><span style=\"color: #000080;\"><a href=\"http:\/\/bip.wszuie.pl\/wp-content\/uploads\/2022\/02\/Zalacznik-nr-1-do-uchwaly-Senatu-nr-11.21.22.pdf\" style=\"color: #000080;\">Za\u0142\u0105cznik nr 1 do uchwa\u0142y Senatu nr 11.21.22<\/a><\/span><\/p>\n<p><span style=\"color: #000080;\"><a href=\"http:\/\/bip.wszuie.pl\/wp-content\/uploads\/2022\/02\/Uchwala-Senatu-nr-12.21.22.pdf\" style=\"color: #000080;\">Uchwa\u0142a Senatu nr 12.21.22<\/a><\/span><\/p>\n<p><span style=\"color: #000080;\"><a href=\"http:\/\/bip.wszuie.pl\/wp-content\/uploads\/2022\/02\/Zalacznik-nr-1-do-uchwaly-Senatu-nr-12.21.22.pdf\" style=\"color: #000080;\">Za\u0142\u0105cznik nr 1 do uchwa\u0142y Senatu nr 12.21.22<\/a><\/span><\/p>\n<p><span style=\"color: #000080;\"><a href=\"http:\/\/bip.wszuie.pl\/wp-content\/uploads\/2022\/02\/Zalacznik-nr-2-do-Uchwaly-Senatu-12.21.22.pdf\" style=\"color: #000080;\">Za\u0142\u0105cznik nr 2 do Uchwa\u0142y Senatu 12.21.22<\/a>\u00a0<\/span><\/p>\n<p><span style=\"color: #000080;\"><a href=\"http:\/\/bip.wszuie.pl\/wp-content\/uploads\/2022\/02\/Zalacznik-nr-3-do-Uchwaly-Senatu-12.21.22.pdf\" style=\"color: #000080;\">Za\u0142\u0105cznik nr 3 do Uchwa\u0142y Senatu 12.21.22<\/a>\u00a0<\/span><\/p>\n<p><span style=\"color: #000080;\"><a href=\"http:\/\/bip.wszuie.pl\/wp-content\/uploads\/2022\/02\/Zalacznik-nr-4-do-Uchwaly-Senatu-12.21.22.pdf\" style=\"color: #000080;\">Za\u0142\u0105cznik nr 4 do Uchwa\u0142y Senatu 12.21.22<\/a><\/span><\/p>\n<p><span style=\"color: #000080;\"><a href=\"http:\/\/bip.wszuie.pl\/wp-content\/uploads\/2022\/02\/Uchwala-Senatu-nr-13.21.22.pdf\" style=\"color: #000080;\">Uchwa\u0142a Senatu nr 13.21.22<\/a><\/span><\/p>\n<p><span style=\"color: #000080;\"><a href=\"http:\/\/bip.wszuie.pl\/wp-content\/uploads\/2022\/02\/Zalacznik-nr-1-do-uchwaly-Senatu-nr-13.21.22.doc\" style=\"color: #000080;\">Za\u0142\u0105cznik nr 1 do uchwa\u0142y Senatu nr 13.21.22<\/a><\/span><\/p>\n<p><span style=\"color: #000080;\"><a href=\"http:\/\/bip.wszuie.pl\/wp-content\/uploads\/2022\/02\/Uchwala-Senatu-nr-14.21.22.pdf\" style=\"color: #000080;\">Uc<\/a><a href=\"http:\/\/bip.wszuie.pl\/wp-content\/uploads\/2022\/02\/Uchwala-Senatu-nr-14.21.22.pdf\" style=\"color: #000080;\">hwa\u0142a Senatu nr 14.21.22<\/a><\/span><\/p>\n<p><span style=\"color: #000080;\"><a href=\"http:\/\/bip.wszuie.pl\/wp-content\/uploads\/2022\/02\/Zalacznik-nr-1-do-Uchwaly-Senatu-nr-14.21.22.pdf\" style=\"color: #000080;\">Za\u0142\u0105cznik nr 1 do Uchwa\u0142y Senatu nr 14.21.22<\/a><\/span><\/p>\n<p><span style=\"color: #000080;\"><a href=\"http:\/\/bip.wszuie.pl\/wp-content\/uploads\/2022\/02\/Uchwala-Senatu-nr-15.21.22-1.pdf\" style=\"color: #000080;\">Uchwa\u0142a Senatu nr 15.21.22<\/a><a href=\"http:\/\/bip.wszuie.pl\/wp-content\/uploads\/2022\/02\/Uchwala-Senatu-nr-15.21.22.pdf\" style=\"color: #000080;\"><\/a><\/span><\/p>\n<p><span style=\"color: #000080;\"><a href=\"http:\/\/bip.wszuie.pl\/wp-content\/uploads\/2022\/02\/Uchwala-Senatu-nr-16.21.22.pdf\" style=\"color: #000080;\">Uchwa\u0142a Senatu nr 16.21.22<\/a><\/span><\/p>\n<p><span style=\"color: #000080;\"><a href=\"http:\/\/bip.wszuie.pl\/wp-content\/uploads\/2023\/01\/Uchwala-Senatu-nr-17.21.22.pdf\" style=\"color: #000080;\" target=\"_blank\" rel=\"noopener\">Uchwa\u0142a Senatu nr 17.21.22<\/a><\/span><\/p>\n<p><span style=\"color: #000080;\"><a href=\"http:\/\/bip.wszuie.pl\/wp-content\/uploads\/2022\/02\/Uchwala-Senatu-nr-18.21.22.pdf\" style=\"color: #000080;\">Uchwa\u0142a Senatu nr 18.21.22<\/a><\/span><\/p>\n<p><span style=\"color: #000080;\"><a href=\"http:\/\/bip.wszuie.pl\/wp-content\/uploads\/2022\/06\/Zalacznik-nr-1-do-uchwaly-Senatu-nr-18.21.22.pdf\" target=\"_blank\" style=\"color: #000080;\" rel=\"noopener\">Za\u0142\u0105cznik nr 1 do uchwa\u0142y Senatu nr 18.21.22<\/a><\/span><\/p>\n<p><span style=\"color: #000080;\"><a href=\"http:\/\/bip.wszuie.pl\/wp-content\/uploads\/2022\/05\/Uchwala-Senatu-nr-19.21.22.pdf\" target=\"_blank\" rel=\"noopener\" style=\"color: #000080;\">Uchwa\u0142a Senatu nr 19.21.22<\/a><\/span><\/p>\n<p><span style=\"color: #000080;\"><a href=\"http:\/\/bip.wszuie.pl\/wp-content\/uploads\/2022\/05\/Zalacznik-nr-1-do-uchwaly-Senatu-nr-19.21.22-regulamin-studiow.pdf\" target=\"_blank\" rel=\"noopener\" style=\"color: #000080;\">Za\u0142\u0105cznik nr 1 do uchwa\u0142y Senatu nr 19.21.22<\/a><\/span><\/p>\n<p><span style=\"color: #000080;\"><a href=\"http:\/\/bip.wszuie.pl\/wp-content\/uploads\/2022\/05\/Uchwala-Senatu-nr-20.21.22.pdf\" target=\"_blank\" rel=\"noopener\" style=\"color: #000080;\">Uchwa\u0142a Senatu nr 20.21.22<\/a><\/span><\/p>\n<p><span style=\"color: #000080;\"><a href=\"http:\/\/bip.wszuie.pl\/wp-content\/uploads\/2022\/05\/Zalacznik-nr-1-do-uchwaly-Senatu-nr-20.21.22.pdf\" target=\"_blank\" rel=\"noopener\" style=\"color: #000080;\">Za\u0142\u0105cznik nr 1 do uchwa\u0142y Senatu nr 20.21.22<\/a><a href=\"http:\/\/bip.wszuie.pl\/wp-content\/uploads\/2022\/05\/Zalacznik-nr-2-do-uchwaly-Senatu-nr-20.21.22.pdf\" style=\"color: #000080;\"><\/a><\/span><\/p>\n<p><span style=\"color: #000080;\"><a href=\"http:\/\/bip.wszuie.pl\/wp-content\/uploads\/2022\/05\/Zalacznik-nr-2-do-uchwaly-Senatu-nr-20.21.22.pdf\" target=\"_blank\" rel=\"noopener\" style=\"color: #000080;\">Za\u0142\u0105cznik nr 2 do uchwa\u0142y Senatu nr 20.21.22<\/a><\/span><\/p>\n<p><span style=\"color: #000080;\"><a href=\"http:\/\/bip.wszuie.pl\/wp-content\/uploads\/2022\/05\/Uchwala-Senatu-nr-21.21.22.pdf\" target=\"_blank\" rel=\"noopener\" style=\"color: #000080;\">Uchwa\u0142a Senatu nr 21.21.22<\/a><\/span><\/p>\n<p><span style=\"color: #000080;\"><a href=\"http:\/\/bip.wszuie.pl\/wp-content\/uploads\/2022\/05\/Zalacznik-nr-1-do-uchwaly-Senatu-nr-21.21.22.pdf\" target=\"_blank\" rel=\"noopener\" style=\"color: #000080;\">Za\u0142\u0105cznik nr 1 do uchwa\u0142y Senatu nr 21.21.22<\/a><\/span><\/p>\n<p><span style=\"color: #000080;\"><a href=\"http:\/\/bip.wszuie.pl\/wp-content\/uploads\/2022\/05\/Uchwala-Senatu-nr-22.21.22.pdf\" target=\"_blank\" rel=\"noopener\" style=\"color: #000080;\">Uchwa\u0142a Senatu nr 22.21.22<\/a><\/span><\/p>\n<p><span style=\"color: #000080;\"><a href=\"http:\/\/bip.wszuie.pl\/wp-content\/uploads\/2022\/05\/Zalacznik-nr-1-do-uchwaly-Senatu-nr-22.21.22.pdf\" target=\"_blank\" rel=\"noopener\" style=\"color: #000080;\">Za\u0142\u0105cznik nr 1 do uchwa\u0142y Senatu nr 22.21.22<\/a><\/span><\/p>\n<p><span style=\"color: #000080;\"><a href=\"http:\/\/bip.wszuie.pl\/wp-content\/uploads\/2022\/08\/Uchwala-Senatu-nr-23.21.22.pdf\" target=\"_blank\" style=\"color: #000080;\" rel=\"noopener\">Uchwa\u0142a Senatu nr 23.21.22<\/a><\/span><\/p>\n<p><span style=\"color: #000080;\"><a href=\"http:\/\/bip.wszuie.pl\/wp-content\/uploads\/2022\/05\/Zalacznik-nr-1-do-Uchwaly-Senatu-nr-23.21.22.pdf\" target=\"_blank\" rel=\"noopener\" style=\"color: #000080;\">Za\u0142\u0105cznik nr 1 do Uchwa\u0142y Senatu nr 23.21.22<\/a><\/span><\/p>\n<p><span style=\"color: #000080;\"><a href=\"http:\/\/bip.wszuie.pl\/wp-content\/uploads\/2022\/05\/Uchwala-Senatu-nr-24.21.22.pdf\" target=\"_blank\" rel=\"noopener\" style=\"color: #000080;\">Uchwa\u0142a Senatu nr 24.21.22<\/a><\/span><\/p>\n<p><span style=\"color: #000080;\"><a href=\"http:\/\/bip.wszuie.pl\/wp-content\/uploads\/2022\/05\/Zalacznik-nr-1-do-Uchwaly-Senatu-nr-24.21.22.pdf\" target=\"_blank\" rel=\"noopener\" style=\"color: #000080;\">Za\u0142\u0105cznik nr 1 do Uchwa\u0142y Senatu nr 24.21.22<\/a><\/span><\/p>\n<p><span style=\"color: #000080;\"><a href=\"http:\/\/bip.wszuie.pl\/wp-content\/uploads\/2022\/05\/Uchwala-Senatu-nr-25.21.22.pdf\" target=\"_blank\" rel=\"noopener\" style=\"color: #000080;\">Uchwa\u0142a Senatu nr 25.21.22<\/a><\/span><\/p>\n<p><span style=\"color: #000080;\"><a href=\"http:\/\/bip.wszuie.pl\/wp-content\/uploads\/2022\/05\/Zalacznik-nr-1-do-Uchwaly-Senatu-nr-25.21.22-1.pdf\" target=\"_blank\" rel=\"noopener\" style=\"color: #000080;\">Za\u0142\u0105cznik nr 1 do Uchwa\u0142y Senatu nr 25.21.22<\/a><\/span><\/p>\n<p><span style=\"color: #000080;\"><a href=\"http:\/\/bip.wszuie.pl\/wp-content\/uploads\/2022\/05\/Uchwala-Senatu-nr-26.21.22.pdf\" target=\"_blank\" rel=\"noopener\" style=\"color: #000080;\">Uchwa\u0142a Senatu nr 26.21.22<\/a><\/span><\/p>\n<p><span style=\"color: #000080;\"><a href=\"http:\/\/bip.wszuie.pl\/wp-content\/uploads\/2022\/05\/Zalacznik-nr-1-do-uchwaly-Senatu-nr-26.21.22.pdf\" target=\"_blank\" rel=\"noopener\" style=\"color: #000080;\">Za\u0142\u0105cznik nr 1 do uchwa\u0142y Senatu nr 26.21.22<\/a><\/span><\/p>\n<p><span style=\"color: #000080;\"><a href=\"http:\/\/bip.wszuie.pl\/wp-content\/uploads\/2022\/05\/Uchwala-Senatu-nr-27.21.22.pdf\" target=\"_blank\" rel=\"noopener\" style=\"color: #000080;\">Uchwa\u0142a Senatu nr 27.21.22<\/a> <a href=\"http:\/\/bip.wszuie.pl\/wp-content\/uploads\/2022\/05\/Uchwala-Senatu-nr-28.21.22.pdf\" style=\"color: #000080;\"><\/a><\/span><\/p>\n<p><span style=\"color: #000080;\"><a href=\"http:\/\/bip.wszuie.pl\/wp-content\/uploads\/2022\/05\/Uchwala-Senatu-nr-27.21.22.pdf\" target=\"_blank\" rel=\"noopener\" style=\"color: #000080;\">Za\u0142\u0105cznik nr 1 do uchwa\u0142y Senatu nr 27.21.22<\/a><\/span><\/p>\n<p><span style=\"color: #000080;\"><a href=\"http:\/\/bip.wszuie.pl\/wp-content\/uploads\/2022\/05\/Uchwala-Senatu-nr-27.21.22.pdf\" target=\"_blank\" rel=\"noopener\" style=\"color: #000080;\">Uchwa\u0142a Senatu nr 28.21.22<\/a> <a href=\"http:\/\/bip.wszuie.pl\/wp-content\/uploads\/2022\/05\/Uchwala-Senatu-nr-29.21.22.pdf\" style=\"color: #000080;\"><\/a><\/span><\/p>\n<p><span style=\"color: #000080;\"><a href=\"http:\/\/bip.wszuie.pl\/wp-content\/uploads\/2022\/05\/Uchwala-Senatu-nr-27.21.22.pdf\" target=\"_blank\" rel=\"noopener\" style=\"color: #000080;\">Za\u0142\u0105cznik nr 1 do uchwa\u0142y Senatu nr 28.21.22<\/a><\/span><\/p>\n<p><span style=\"color: #000080;\"><a href=\"http:\/\/bip.wszuie.pl\/wp-content\/uploads\/2022\/05\/Uchwala-Senatu-nr-27.21.22.pdf\" target=\"_blank\" rel=\"noopener\" style=\"color: #000080;\">Uchwa\u0142a Senatu nr 29.21.22<\/a> <a href=\"http:\/\/bip.wszuie.pl\/wp-content\/uploads\/2022\/05\/Zalacznik-nr-1-do-Uchwaly-Senatu-nr-25.21.22-1.pdf\" style=\"color: #000080;\"><\/a><\/span><\/p>\n<p><span style=\"color: #000080;\"><a href=\"http:\/\/bip.wszuie.pl\/wp-content\/uploads\/2022\/05\/Uchwala-Senatu-nr-27.21.22.pdf\" target=\"_blank\" rel=\"noopener\" style=\"color: #000080;\">Za\u0142\u0105cznik nr 1 do uchwa\u0142y Senatu nr 29.21.22<\/a><\/span><\/p>\n<p><span style=\"color: #000080;\"><a href=\"http:\/\/bip.wszuie.pl\/wp-content\/uploads\/2022\/09\/Uchwala-Senatu-nr-30.21.22-Regulamin-praktyk-zawodowych-1.pdf\" target=\"_blank\" style=\"color: #000080;\" rel=\"noopener\">Uchwa\u0142a Senatu nr 30.21.22<\/a><\/span><\/p>\n<p><span style=\"color: #000080;\"><a href=\"http:\/\/bip.wszuie.pl\/wp-content\/uploads\/2022\/09\/Zalacznik-nr-1-do-uchwaly-Senatu-nr-30.21.22-Regulamin-praktyk-zawodowych-studia-I-stopnia-kierunek-kosmetologia.pdf\" target=\"_blank\" style=\"color: #000080;\" rel=\"noopener\">Za\u0142\u0105cznik nr 1 do uchwa\u0142y Senatu nr 30.21.22<\/a><\/span><\/p>\n<p><span style=\"color: #000080;\"><a href=\"http:\/\/bip.wszuie.pl\/wp-content\/uploads\/2022\/09\/Zalacznik-nr-2-do-uchwaly-Senatu-nr-30.21.22-Regulamin-praktyk-zawodowych-studia-II-stopnia-kierunek-kosmetologia.pdf\" target=\"_blank\" style=\"color: #000080;\" rel=\"noopener\">Za\u0142\u0105cznik nr 2 do uchwa\u0142y Senatu nr 30.21.22<\/a><\/span><\/p>\n<p><span style=\"color: #000080;\"><a href=\"http:\/\/bip.wszuie.pl\/wp-content\/uploads\/2022\/09\/Zalacznik-nr-3-do-uchwaly-Senatu-nr-30.21.22-Regulamin-praktyk-zawodowych-studia-I-stopnia-kierunek-dietetyka.pdf\" target=\"_blank\" style=\"color: #000080;\" rel=\"noopener\">Za\u0142\u0105cznik nr 3 do uchwa\u0142y Senatu nr 30.21.22<\/a><\/span><\/p>\n<p><span style=\"color: #000080;\"><a href=\"http:\/\/bip.wszuie.pl\/wp-content\/uploads\/2022\/09\/Zalacznik-nr-4-do-uchwaly-Senatu-nr-30.21.22-Regulamin-praktyk-zawodowych-studia-II-stopnia-kierunek-dietetyka.pdf\" target=\"_blank\" style=\"color: #000080;\" rel=\"noopener\">Za\u0142\u0105cznik nr 4 do uchwa\u0142y Senatu nr 30.21.22<\/a><\/span><\/p>\n<p><span style=\"color: #000080;\"><a href=\"http:\/\/bip.wszuie.pl\/wp-content\/uploads\/2022\/09\/Uchwala-Senatu-nr-31.21.22-Regulaminu-studiow-podyplomowych-1.pdf\" target=\"_blank\" style=\"color: #000080;\" rel=\"noopener\">Uchwa\u0142a Senatu nr 31.21.22<\/a><a href=\"http:\/\/bip.wszuie.pl\/wp-content\/uploads\/2022\/09\/Zalacznik-nr-1-do-uchwaly-Senatu-nr-31.21.22-Regulamin-studiow-podyplomowych-WSZUiE-2022.pdf\" style=\"color: #000080;\"><\/a><\/span><\/p>\n<p><span style=\"color: #000080;\"><a href=\"http:\/\/bip.wszuie.pl\/wp-content\/uploads\/2022\/09\/Zalacznik-nr-1-do-uchwaly-Senatu-nr-31.21.22-Regulamin-studiow-podyplomowych-WSZUiE-2022.pdf\" target=\"_blank\" style=\"color: #000080;\" rel=\"noopener\">Za\u0142\u0105cznik nr 1 do uchwa\u0142y Senatu nr 31.21.22<\/a><\/span><\/p>\n<p><span style=\"color: #000080;\"><a href=\"http:\/\/bip.wszuie.pl\/wp-content\/uploads\/2022\/09\/Uchwala-Senatu-nr-32.21.22-uchylenia-Regulaminu-przeprowadzenia-egzaminow-specjalnosciowych-na-studiach-I-stopnia-kosmetologia-1.pdf\" target=\"_blank\" style=\"color: #000080;\" rel=\"noopener\">Uchwa\u0142a Senatu nr 32.21.22<\/a><\/span><\/p>\n<p><span style=\"color: #000080;\"><a href=\"http:\/\/bip.wszuie.pl\/wp-content\/uploads\/2022\/09\/Uchwala-Senatu-nr-33.21.22-Regulaminu-przeprowadzania-egzaminu-dyplomowego-na-studiach-pierwszego-stopnia-na-kierunku-kosmetologia-1.pdf\" target=\"_blank\" style=\"color: #000080;\" rel=\"noopener\">Uchwa\u0142a Senatu nr 33.21.22<\/a><\/span><\/p>\n<p><span style=\"color: #000080;\"><a href=\"http:\/\/bip.wszuie.pl\/wp-content\/uploads\/2022\/09\/Zalacznik-nr-1-do-uchwaly-Senatu-nr-33.21.22-Regulamin-egzaminu-dyplomowego-na-kierunku-kosmetologia-studia-I-stopnia.pdf\" target=\"_blank\" style=\"color: #000080;\" rel=\"noopener\">Za\u0142\u0105cznik nr 1 do uchwa\u0142y Senatu nr 33.21.22<\/a><\/span><\/p>\n<p><span style=\"color: #000080;\"><a href=\"http:\/\/bip.wszuie.pl\/wp-content\/uploads\/2022\/09\/Uchwala-Senatu-nr-34.21.22-Regulamin-potwierdzania-efekto\u0301w-uczenia-sie\u0328-1.pdf\" target=\"_blank\" style=\"color: #000080;\" rel=\"noopener\">Uchwa\u0142a Senatu nr 34.21.22<\/a><\/span><\/p>\n<p><span style=\"color: #000080;\"><a href=\"http:\/\/bip.wszuie.pl\/wp-content\/uploads\/2022\/09\/Zalacznik-nr-1-do-uchwaly-Senatu-nr-34.21.22-Regulamin-potwierdzania-efekto\u0301w-uczenia-sie\u0328-2.pdf\" target=\"_blank\" style=\"color: #000080;\" rel=\"noopener\">Za\u0142\u0105cznik nr 1 do uchwa\u0142y Senatu nr 34.21.22<\/a><\/span><\/p>\n<p><span style=\"color: #000080;\"><a href=\"http:\/\/bip.wszuie.pl\/wp-content\/uploads\/2022\/09\/Uchwala-Senatu-nr-35.21.22-Zmiany-planow-i-programow-studiow-pierwszego-stopnia-na-kierunku-kosmetologia-1-1.pdf\" target=\"_blank\" style=\"color: #000080;\" rel=\"noopener\">Uchwa\u0142a Senatu nr 35.21.22<\/a><\/span><\/p>\n<p><span style=\"color: #000080;\"><a href=\"http:\/\/bip.wszuie.pl\/wp-content\/uploads\/2022\/09\/Uchwala-Senatu-nr-36.21.22-Zmiany-planow-i-programow-studiow-drugiego-stopnia-na-kierunku-kosmetologia-1.pdf\" target=\"_blank\" style=\"color: #000080;\" rel=\"noopener\">Uchwa\u0142a Senatu nr 36.21.22<\/a><\/span><\/p>\n<p><span style=\"color: #000080;\"><a href=\"http:\/\/bip.wszuie.pl\/wp-content\/uploads\/2022\/09\/Uchwala-Senatu-nr-37.21.22-Zmiany-planow-i-programow-studiow-pierwszego-stopnia-na-kierunku-dietetyka-1.pdf\" target=\"_blank\" style=\"color: #000080;\" rel=\"noopener\">Uchwa\u0142a Senatu nr 37.21.22<\/a><\/span><\/p>\n<p><span style=\"color: #000080;\"><a href=\"http:\/\/bip.wszuie.pl\/wp-content\/uploads\/2022\/09\/Uchwala-Senatu-nr-38.21.22-Zmiany-planow-i-programow-studiow-drugiego-stopnia-na-kierunku-dietetyka-2.pdf\" target=\"_blank\" style=\"color: #000080;\" rel=\"noopener\">Uchwa\u0142a Senatu nr 38.21.22<\/a><\/span><\/p>\n","protected":false},"excerpt":{"rendered":"<p>Uchwa\u0142a Senatu nr 1.21.22 Uchwa\u0142a Senatu nr 2.21.22 Uchwa\u0142a Senatu nr 3.21.22 Uchwa\u0142a Senatu nr 4.21.22 Za\u0142\u0105cznik 1 do Uchwa\u0142y Senatu nr 4.21.22 Uchwa\u0142a Senatu nr 5.21.22 Za\u0142\u0105cznik 1 do Uchwa\u0142y Senatu nr 5.21.22 Uchwa\u0142a Senatu nr 6.21.22 Za\u0142\u0105cznik 1 &hellip; <a href=\"https:\/\/bip.wszuie.pl\/?page_id=376\">Czytaj dalej <span class=\"meta-nav\">&rarr;<\/span><\/a><\/p>\n","protected":false},"author":2,"featured_media":0,"parent":252,"menu_order":0,"comment_status":"closed","ping_status":"closed","template":"","meta":[],"_links":{"self":[{"href":"https:\/\/bip.wszuie.pl\/index.php?rest_route=\/wp\/v2\/pages\/376"}],"collection":[{"href":"https:\/\/bip.wszuie.pl\/index.php?rest_route=\/wp\/v2\/pages"}],"about":[{"href":"https:\/\/bip.wszuie.pl\/index.php?rest_route=\/wp\/v2\/types\/page"}],"author":[{"embeddable":true,"href":"https:\/\/bip.wszuie.pl\/index.php?rest_route=\/wp\/v2\/users\/2"}],"replies":[{"embeddable":true,"href":"https:\/\/bip.wszuie.pl\/index.php?rest_route=%2Fwp%2Fv2%2Fcomments&post=376"}],"version-history":[{"count":22,"href":"https:\/\/bip.wszuie.pl\/index.php?rest_route=\/wp\/v2\/pages\/376\/revisions"}],"predecessor-version":[{"id":720,"href":"https:\/\/bip.wszuie.pl\/index.php?rest_route=\/wp\/v2\/pages\/376\/revisions\/720"}],"up":[{"embeddable":true,"href":"https:\/\/bip.wszuie.pl\/index.php?rest_route=\/wp\/v2\/pages\/252"}],"wp:attachment":[{"href":"https:\/\/bip.wszuie.pl\/index.php?rest_route=%2Fwp%2Fv2%2Fmedia&parent=376"}],"curies":[{"name":"wp","href":"https:\/\/api.w.org\/{rel}","templated":true}]}}