{"id":349,"date":"2021-11-04T11:29:55","date_gmt":"2021-11-04T11:29:55","guid":{"rendered":"https:\/\/bip.wszuie.pl\/?page_id=349"},"modified":"2021-11-04T11:40:31","modified_gmt":"2021-11-04T11:40:31","slug":"uchwaly-senatu-rok-akademicki-2020-2021","status":"publish","type":"page","link":"https:\/\/bip.wszuie.pl\/?page_id=349","title":{"rendered":"Uchwa\u0142y Senatu \u2013 rok akademicki 2020\/2021"},"content":{"rendered":"<p><a href=\"http:\/\/bip.wszuie.pl\/wp-content\/uploads\/2021\/11\/Uchwala-nr-1_20_21.pdf\">Uchwa\u0142a nr 1_20_21<\/a><\/p>\n<p><a href=\"http:\/\/bip.wszuie.pl\/wp-content\/uploads\/2021\/11\/Uchwala-nr-2_20_21.pdf\">Uchwa\u0142a nr 2_20_21<\/a><\/p>\n<p><a href=\"http:\/\/bip.wszuie.pl\/wp-content\/uploads\/2021\/11\/Uchwala-nr-3_20_21.pdf\">Uchwa\u0142a nr 3_20_21<\/a><\/p>\n<p><a href=\"http:\/\/bip.wszuie.pl\/wp-content\/uploads\/2021\/11\/Uchwala-nr-4_20_21.pdf\">Uchwa\u0142a nr 4_20_21<\/a><\/p>\n<p><a href=\"http:\/\/bip.wszuie.pl\/wp-content\/uploads\/2021\/11\/Zalacznik-nr-1-do-uchwaly-nr-4_2020_2021.pdf\">Za\u0142\u0105cznik nr 1 do uchwa\u0142y nr 4_2020_2021<\/a><\/p>\n<p><a href=\"http:\/\/bip.wszuie.pl\/wp-content\/uploads\/2021\/11\/Uchwala-nr-5_20_21.pdf\">Uchwa\u0142a nr 5_20_21<\/a><\/p>\n<p><a href=\"http:\/\/bip.wszuie.pl\/wp-content\/uploads\/2021\/11\/Zalacznik-nr-1-do-uchwaly-nr-5_2020_2021.pdf\">Za\u0142\u0105cznik nr 1 do uchwa\u0142y nr 5_2020_2021<\/a><\/p>\n<p><a href=\"http:\/\/bip.wszuie.pl\/wp-content\/uploads\/2021\/11\/Uchwala-nr-6_20_21.pdf\">Uchwa\u0142a nr 6_20_21<\/a><\/p>\n<p><a href=\"http:\/\/bip.wszuie.pl\/wp-content\/uploads\/2021\/11\/Zalacznik-nr-1-do-uchwaly-nr-6_2020_2021.pdf\">Za\u0142\u0105cznik nr 1 do uchwa\u0142y nr 6_2020_2021<\/a><\/p>\n<p><a href=\"http:\/\/bip.wszuie.pl\/wp-content\/uploads\/2021\/11\/Uchwala-nr-7_20_21.pdf\">Uchwa\u0142a nr 7_20_21<\/a><\/p>\n<p><a href=\"http:\/\/bip.wszuie.pl\/wp-content\/uploads\/2021\/11\/Uchwala-nr-8_-2020_2021.pdf\">Uchwa\u0142a nr 8_ 2020_2021<\/a><\/p>\n<p><a href=\"http:\/\/bip.wszuie.pl\/wp-content\/uploads\/2021\/11\/Zalacznik-nr-1-do-uchwaly-nr-7_2020_2021.pdf\">Za\u0142\u0105cznik nr 1 do uchwa\u0142y nr 7_2020_2021<\/a><\/p>\n<p><a href=\"http:\/\/bip.wszuie.pl\/wp-content\/uploads\/2021\/11\/Uchwala-nr-9_-2020_2021.pdf\">Uchwa\u0142a nr 9_ 2020_2021<\/a><\/p>\n","protected":false},"excerpt":{"rendered":"<p>Uchwa\u0142a nr 1_20_21 Uchwa\u0142a nr 2_20_21 Uchwa\u0142a nr 3_20_21 Uchwa\u0142a nr 4_20_21 Za\u0142\u0105cznik nr 1 do uchwa\u0142y nr 4_2020_2021 Uchwa\u0142a nr 5_20_21 Za\u0142\u0105cznik nr 1 do uchwa\u0142y nr 5_2020_2021 Uchwa\u0142a nr 6_20_21 Za\u0142\u0105cznik nr 1 do uchwa\u0142y nr 6_2020_2021 Uchwa\u0142a &hellip; <a href=\"https:\/\/bip.wszuie.pl\/?page_id=349\">Czytaj dalej <span class=\"meta-nav\">&rarr;<\/span><\/a><\/p>\n","protected":false},"author":2,"featured_media":0,"parent":252,"menu_order":0,"comment_status":"closed","ping_status":"closed","template":"","meta":[],"_links":{"self":[{"href":"https:\/\/bip.wszuie.pl\/index.php?rest_route=\/wp\/v2\/pages\/349"}],"collection":[{"href":"https:\/\/bip.wszuie.pl\/index.php?rest_route=\/wp\/v2\/pages"}],"about":[{"href":"https:\/\/bip.wszuie.pl\/index.php?rest_route=\/wp\/v2\/types\/page"}],"author":[{"embeddable":true,"href":"https:\/\/bip.wszuie.pl\/index.php?rest_route=\/wp\/v2\/users\/2"}],"replies":[{"embeddable":true,"href":"https:\/\/bip.wszuie.pl\/index.php?rest_route=%2Fwp%2Fv2%2Fcomments&post=349"}],"version-history":[{"count":4,"href":"https:\/\/bip.wszuie.pl\/index.php?rest_route=\/wp\/v2\/pages\/349\/revisions"}],"predecessor-version":[{"id":366,"href":"https:\/\/bip.wszuie.pl\/index.php?rest_route=\/wp\/v2\/pages\/349\/revisions\/366"}],"up":[{"embeddable":true,"href":"https:\/\/bip.wszuie.pl\/index.php?rest_route=\/wp\/v2\/pages\/252"}],"wp:attachment":[{"href":"https:\/\/bip.wszuie.pl\/index.php?rest_route=%2Fwp%2Fv2%2Fmedia&parent=349"}],"curies":[{"name":"wp","href":"https:\/\/api.w.org\/{rel}","templated":true}]}}