{"id":24,"date":"2021-02-25T14:03:00","date_gmt":"2021-02-25T14:03:00","guid":{"rendered":"http:\/\/bip.wszuie.pl\/?page_id=24"},"modified":"2024-07-22T11:23:01","modified_gmt":"2024-07-22T11:23:01","slug":"wladze-uczelni","status":"publish","type":"page","link":"https:\/\/bip.wszuie.pl\/?page_id=24","title":{"rendered":"W\u0142adze Uczelni"},"content":{"rendered":"<p><\/p>\r\n<figure class=\"wp-block-table\">\r\n<table style=\"height: 376px;\" width=\"672\">\r\n<thead>\r\n<tr>\r\n<th>W\u0141ADZE<\/th>\r\n<\/tr>\r\n<\/thead>\r\n<tbody>\r\n<tr>\r\n<td>Za\u0142o\u017cyciel<\/td>\r\n<td>mgr Aniela Goc<\/td>\r\n<\/tr>\r\n<tr>\r\n<td>Rektor<\/td>\r\n<td>prof. dr hab. n. med. Marian Grzymis\u0142awski<\/td>\r\n<\/tr>\r\n<tr>\r\n<td>Kanclerz<\/td>\r\n<td>mgr in\u017c. Bogus\u0142awa O\u017ami\u0144ska<\/td>\r\n<\/tr>\r\n<tr>\r\n<td>Dziekan Wydzia\u0142u Nauk o Zdrowiu<\/td>\r\n<td>dr in\u017c. Agnieszka Wi\u015bniewska<\/td>\r\n<\/tr>\r\n<tr>\r\n<td>Prodziekan \u2013 kierunek dietetyka, studia I i II stopnia<\/td>\r\n<td>dr Ewa Bresi\u0144ska-Krawiec<\/td>\r\n<\/tr>\r\n<tr>\r\n<td>Prodziekan \u2013 kierunek kosmetologia, studia I i II stopnia<\/td>\r\n<td>mgr Sandra Makowska<\/td>\r\n<\/tr>\r\n<\/tbody>\r\n<\/table>\r\n<\/figure>\r\n<p><\/p>\r\n<p><\/p>\r\n<figure class=\"wp-block-table\">\r\n<table>\r\n<thead>\r\n<tr>\r\n<th>OSOBY FUNKCYJNE<\/th>\r\n<\/tr>\r\n<\/thead>\r\n<tbody>\r\n<tr>\r\n<td>Pe\u0142nomocnik Rektora ds. jako\u015bci kszta\u0142cenia<\/td>\r\n<td>dr Klaudia Malikowska<\/td>\r\n<\/tr>\r\n<tr>\r\n<td>Koordynator Kszta\u0142cenia Zawodowego<\/td>\r\n<td>mgr Sandra Makowska<\/td>\r\n<\/tr>\r\n<\/tbody>\r\n<\/table>\r\n<\/figure>\r\n<p><\/p>","protected":false},"excerpt":{"rendered":"<p>W\u0141ADZE Za\u0142o\u017cyciel mgr Aniela Goc Rektor prof. dr hab. n. med. Marian Grzymis\u0142awski Kanclerz mgr in\u017c. Bogus\u0142awa O\u017ami\u0144ska Dziekan Wydzia\u0142u Nauk o Zdrowiu dr in\u017c. Agnieszka Wi\u015bniewska Prodziekan \u2013 kierunek dietetyka, studia I i II stopnia dr Ewa Bresi\u0144ska-Krawiec Prodziekan &hellip; <a href=\"https:\/\/bip.wszuie.pl\/?page_id=24\">Czytaj dalej <span class=\"meta-nav\">&rarr;<\/span><\/a><\/p>\n","protected":false},"author":2,"featured_media":0,"parent":22,"menu_order":1,"comment_status":"closed","ping_status":"closed","template":"onecolumn-page.php","meta":[],"_links":{"self":[{"href":"https:\/\/bip.wszuie.pl\/index.php?rest_route=\/wp\/v2\/pages\/24"}],"collection":[{"href":"https:\/\/bip.wszuie.pl\/index.php?rest_route=\/wp\/v2\/pages"}],"about":[{"href":"https:\/\/bip.wszuie.pl\/index.php?rest_route=\/wp\/v2\/types\/page"}],"author":[{"embeddable":true,"href":"https:\/\/bip.wszuie.pl\/index.php?rest_route=\/wp\/v2\/users\/2"}],"replies":[{"embeddable":true,"href":"https:\/\/bip.wszuie.pl\/index.php?rest_route=%2Fwp%2Fv2%2Fcomments&post=24"}],"version-history":[{"count":13,"href":"https:\/\/bip.wszuie.pl\/index.php?rest_route=\/wp\/v2\/pages\/24\/revisions"}],"predecessor-version":[{"id":796,"href":"https:\/\/bip.wszuie.pl\/index.php?rest_route=\/wp\/v2\/pages\/24\/revisions\/796"}],"up":[{"embeddable":true,"href":"https:\/\/bip.wszuie.pl\/index.php?rest_route=\/wp\/v2\/pages\/22"}],"wp:attachment":[{"href":"https:\/\/bip.wszuie.pl\/index.php?rest_route=%2Fwp%2Fv2%2Fmedia&parent=24"}],"curies":[{"name":"wp","href":"https:\/\/api.w.org\/{rel}","templated":true}]}}