{"id":172,"date":"2021-09-17T08:47:35","date_gmt":"2021-09-17T08:47:35","guid":{"rendered":"https:\/\/bip.wszuie.pl\/?page_id=172"},"modified":"2023-06-28T12:07:43","modified_gmt":"2023-06-28T12:07:43","slug":"wzory-dyplomow","status":"publish","type":"page","link":"https:\/\/bip.wszuie.pl\/?page_id=172","title":{"rendered":"Wzory dyplom\u00f3w"},"content":{"rendered":"<h3 style=\"text-align: center;\"><span style=\"color: #003366;\">Wzory dyplom\u00f3w wydawanych <\/span><\/h3>\n<h3 style=\"text-align: center;\"><span style=\"color: #003366;\">przez Wy\u017csz\u0105 Szko\u0142\u0119 Zdrowia, Urody i Edukacji w Poznaniu<\/span><\/h3>\n<p><strong>WZORY DYPLOM\u00d3W UKO\u0143CZENIA STUDI\u00d3W 3.07.2023 r. \u2013 <\/strong><br \/>Wzory dyplom\u00f3w uko\u0144czenia studi\u00f3w I stopnia\u00a0<a href=\"https:\/\/wszuie.pl\/wp-content\/uploads\/2023\/06\/WSZUiE_dyplom-2023_wzor-I-stopien.pdf\" target=\"_blank\" rel=\"noopener\">LINK<\/a><br \/>Wzory dyplom\u00f3w uko\u0144czenia studi\u00f3w II stopnia\u00a0<a href=\"https:\/\/wszuie.pl\/wp-content\/uploads\/2023\/06\/WSZUiE_dyplom-2023_wzor-II-stopien.pdf\" target=\"_blank\" rel=\"noopener\">LINK<\/a><br \/>Pliki graficzne obrazuj\u0105ce elementy zabezpiecze\u0144 przed fa\u0142szerstwem przeznaczone do weryfikacji autentyczno\u015bci dokumentu publicznego, wraz z opisem sposobu dokonywania tej weryfikacji\u00a0<a href=\"https:\/\/wszuie.pl\/wp-content\/uploads\/2023\/06\/WSZUiE_zabezpieczenia-druku-2023_www.pdf\" target=\"_blank\" rel=\"noopener\">LINK<\/a><br \/>Data wprowadzenia wzoru do obrotu prawnego: 3.07.2023 r.<br \/>Data rozpocz\u0119cia wydawania dokumentu: 3.07.2023 r.<br \/>Okres wa\u017cno\u015bci dokumentu: bezterminowo<br \/>Data zako\u0144czenia wydawania dyplom\u00f3w wed\u0142ug danego wzorca: \u2013<\/p>\n<p><strong>WZORY DYPLOM\u00d3W UKO\u0143CZENIA STUDI\u00d3W 16.07.2021 r. &#8211; 2.07.2023 r.<\/strong><br \/>Wzory dyplom\u00f3w uko\u0144czenia studi\u00f3w I stopnia <a href=\"http:\/\/bip.wszuie.pl\/wp-content\/uploads\/2021\/09\/Wzor-dyplomu-WSZUiE-Lic.pdf\">LINK<\/a><br \/>Wzory dyplom\u00f3w uko\u0144czenia studi\u00f3w II stopnia <a href=\"http:\/\/bip.wszuie.pl\/wp-content\/uploads\/2021\/09\/Wzor-dyplomu-WSZUiE-MGR.pdf\">LINK<\/a><br \/>Pliki graficzne obrazuj\u0105ce elementy zabezpiecze\u0144 przed fa\u0142szerstwem przeznaczone do weryfikacji autentyczno\u015bci dokumentu publicznego, wraz z opisem sposobu dokonywania tej weryfikacji <a href=\"http:\/\/bip.wszuie.pl\/wp-content\/uploads\/2021\/09\/WSZUiE_zabezpieczenia-druku-dyplomow.pdf\">LINK<\/a><br \/>Data wprowadzenia wzoru do obrotu prawnego: 16.07.2021 r.<br \/>Data rozpocz\u0119cia wydawania dokumentu: 16.07.2021 r.<br \/>Okres wa\u017cno\u015bci dokumentu: 2.07.2023 r.<br \/>Data zako\u0144czenia wydawania dyplom\u00f3w wed\u0142ug danego wzorca: 2.07.2023 r.<\/p>\n","protected":false},"excerpt":{"rendered":"<p>Wzory dyplom\u00f3w wydawanych przez Wy\u017csz\u0105 Szko\u0142\u0119 Zdrowia, Urody i Edukacji w Poznaniu WZORY DYPLOM\u00d3W UKO\u0143CZENIA STUDI\u00d3W 3.07.2023 r. \u2013 Wzory dyplom\u00f3w uko\u0144czenia studi\u00f3w I stopnia\u00a0LINKWzory dyplom\u00f3w uko\u0144czenia studi\u00f3w II stopnia\u00a0LINKPliki graficzne obrazuj\u0105ce elementy zabezpiecze\u0144 przed fa\u0142szerstwem przeznaczone do weryfikacji autentyczno\u015bci &hellip; <a href=\"https:\/\/bip.wszuie.pl\/?page_id=172\">Czytaj dalej <span class=\"meta-nav\">&rarr;<\/span><\/a><\/p>\n","protected":false},"author":2,"featured_media":0,"parent":0,"menu_order":0,"comment_status":"closed","ping_status":"closed","template":"","meta":[],"_links":{"self":[{"href":"https:\/\/bip.wszuie.pl\/index.php?rest_route=\/wp\/v2\/pages\/172"}],"collection":[{"href":"https:\/\/bip.wszuie.pl\/index.php?rest_route=\/wp\/v2\/pages"}],"about":[{"href":"https:\/\/bip.wszuie.pl\/index.php?rest_route=\/wp\/v2\/types\/page"}],"author":[{"embeddable":true,"href":"https:\/\/bip.wszuie.pl\/index.php?rest_route=\/wp\/v2\/users\/2"}],"replies":[{"embeddable":true,"href":"https:\/\/bip.wszuie.pl\/index.php?rest_route=%2Fwp%2Fv2%2Fcomments&post=172"}],"version-history":[{"count":6,"href":"https:\/\/bip.wszuie.pl\/index.php?rest_route=\/wp\/v2\/pages\/172\/revisions"}],"predecessor-version":[{"id":664,"href":"https:\/\/bip.wszuie.pl\/index.php?rest_route=\/wp\/v2\/pages\/172\/revisions\/664"}],"wp:attachment":[{"href":"https:\/\/bip.wszuie.pl\/index.php?rest_route=%2Fwp%2Fv2%2Fmedia&parent=172"}],"curies":[{"name":"wp","href":"https:\/\/api.w.org\/{rel}","templated":true}]}}